{"id":73,"date":"2017-06-25T20:35:35","date_gmt":"2017-06-25T18:35:35","guid":{"rendered":"http:\/\/bulin.fr\/?page_id=73"},"modified":"2023-04-07T17:39:14","modified_gmt":"2023-04-07T15:39:14","slug":"assisatnce","status":"publish","type":"page","link":"https:\/\/bulin.fr\/","title":{"rendered":"Assistance"},"content":{"rendered":"<p style=\"text-align: justify;\">Ma soci\u00e9t\u00e9 vous propose un service de \u00a0d\u00e9pannage informatique \u00e0 domicile en <a href=\"https:\/\/bulin.fr\/index.php\/localisation\/\">Meuse et ses environs (Bar le Duc, Saint Dizier, Ligny en barrois, voir liste&#8230;)<\/a>. Mes prestations concernent la r\u00e9paration et la maintenance de votre ordinateur mais \u00e9galement votre installation internet (Live box, Freebox, Neuf box&#8230;), ainsi que la cr\u00e9ation de site\/blog et un forfait annuel (d\u00e9pannage, assistance et maintenance) pour les petites et moyennes entreprises (PME). Que vous ayez besoin d\u2019un simple d\u00e9pannage, d\u2019une assistance informatique \u00e0 domicile ou d\u2019une aide p\u00e9dagogique pour mieux utiliser un ordinateur, je suis l\u00e0 pour vous apporter conseils et formation informatique \u00e0 votre rythme.<\/p>\n<p><strong>VOICI LA CHRONOLOGIE POUR LA PLUPART DES INTERVENTIONS QUE JE R\u00c9ALISE QUOTIDIENNEMENT CHEZ MES CLIENTS :<\/strong><\/p>\n<p style=\"text-align: justify;\"><strong>1.<\/strong> Vous m\u2019appelez au\u00a0<span style=\"color: #3366ff;\"><strong>06 37 12 81 41<\/strong><\/span>.<\/p>\n<p style=\"text-align: justify;\"><strong>2.<\/strong> Vous m\u2019expliquez votre probl\u00e8me par t\u00e9l\u00e9phone et je vous donnerai un premier avis sur le type de panne informatique que vous rencontrez et \u00e9tablirai avec vous un <span style=\"color: #3366ff;\"><strong>devis gratuit<\/strong><\/span> pour une intervention \u00e0 domicile.<\/p>\n<p style=\"text-align: justify;\"><strong>3.<\/strong> Vous d\u00e9cidez ou non de prendre rendez-vous pour le d\u00e9pannage de votre ordinateur ou de votre connexion internet \u00e0 domicile et je vous proposerai \u00e0 votre convenance une intervention dans la journ\u00e9e ou \u00e0 tout moment qui vous conviendrait mieux (<span style=\"color: #3366ff;\"><strong>de 8 heures 30 \u00e0 20 heures 30 du lundi au vendredi, le samedi de 9 heures \u00e0 19 heures 30<\/strong><\/span>).<\/p>\n<p style=\"text-align: justify;\"><strong>4.<\/strong> A l\u2019heure pr\u00e9vue, j\u2019interviens chez vous et r\u00e9pare votre ordinateur \/ connexion internet (Live box, Freebox, Neuf box, Num\u00e9ricable, etc..) en vous expliquant les raisons de la panne afin que vous soyez en mesure de le faire par vous m\u00eame si le probl\u00e8me venait \u00e0 se reproduire.<\/p>\n<p style=\"text-align: justify;\"><strong>5.<\/strong> Vous r\u00e9glez le montant de la prestation, soit au choix l\u2019une de nos 3 formules \u00e0 domicile suivant le type de panne que vous rencontrez : Tarification \u00e0 l\u2019heure de 50 \u20ac \/ heure d\u2019intervention pour les pannes mineures, 80 \u20ac \u00a0pour une r\u00e9installation compl\u00e8te de votre syst\u00e8me Windows par exemple, et 50 \u20ac \u00a0pour les installations de connexion internet, et pas un centime de plus car mes tarifs sont forfaitaires et non pas \u00e0 la dur\u00e9e comme la plupart des soci\u00e9t\u00e9s informatiques ! Les frais de d\u00e9placement sont \u00e9galement d\u00e9j\u00e0 inclus dans ces tarifs ce qui vous \u00e9vite des mauvaises surprises.<\/p>\n<p><strong>PAS DE MAUVAISES SURPRISES, JE VOUS DONNE LE PRIX DE VOTRE D\u00c9PANNAGE AVANT MON INTERVENTION ! SOYEZ CERTAIN DE PAYER LE JUSTE PRIX !<\/strong><\/p>\n<p style=\"text-align: justify;\"><strong>6.<\/strong> Vous b\u00e9n\u00e9ficiez pendant <span style=\"color: #3366ff;\"><strong>30 jours<\/strong><\/span> suivant mon d\u00e9pannage d\u2019une <span style=\"color: #3366ff;\"><strong>garantie<\/strong><\/span> (pour le m\u00eame type de panne bien entendu).<\/p>\n<p style=\"text-align: justify;\"><strong>7.<\/strong> Vous h\u00e9sitez encore ? Sinon vous avez toujours la possibilit\u00e9 de d\u00e9brancher tout votre mat\u00e9riel informatique et de l\u2019emmener sous le bras dans un magasin pour ensuite attendre plusieurs jours avant de le r\u00e9cup\u00e9rer ou bien encore d\u2019appeler la hotline surtax\u00e9e de votre fournisseur d\u2019acc\u00e8s \u00e0 internet et de d\u00e9penser le prix d\u2019un d\u00e9pannage \u00e0 domicile en communications t\u00e9l\u00e9phoniques sans pour autant avoir r\u00e9solu votre panne\u2026 \u00e0 vous de voir !<\/p>\n<p><span style=\"color: #ff0000;\"><strong>Alors n\u2019attendez pas que le probl\u00e8me s\u2019aggrave et mette en p\u00e9ril vos donn\u00e9es sur votre disque dur et appelez moi au <span style=\"color: #3366ff;\">06 37 12 81 41<\/span>\u00a0pour un <span style=\"color: #3366ff;\">devis gratuit<\/span> !<\/strong><\/span><\/p>\n<p>A partir de 50 \u20ac \/ heure, b\u00e9n\u00e9ficiez d\u2019un d\u00e9pannage et d\u2019une aide informatique \u00e0 domicile afin de r\u00e9parer votre mat\u00e9riel et \u00e9viter ainsi les files d\u2019attentes dans les magasins tout en b\u00e9n\u00e9ficiant de mon savoir faire !<\/p>\n<pre><strong>Soci\u00e9t\u00e9 de d\u00e9pannage, assistance et de la maintenance informatique<\/strong> <strong>\u00e0 domicile \n\u00e0 votre service en Meuse(55). Situ\u00e9 \u00e0 Bar le duc. T\u00e9l: 06 37 12 81 41<\/strong><\/pre>\n","protected":false},"excerpt":{"rendered":"<p>Ma soci\u00e9t\u00e9 vous propose un service de \u00a0d\u00e9pannage informatique \u00e0 domicile en Meuse et ses environs (Bar le Duc, Saint Dizier, Ligny en barrois, voir liste&#8230;). Mes prestations concernent la r\u00e9paration et la maintenance&#46;&#46;&#46;<\/p>\n","protected":false},"author":1,"featured_media":0,"parent":0,"menu_order":0,"comment_status":"closed","ping_status":"closed","template":"","meta":{"footnotes":""},"class_list":["post-73","page","type-page","status-publish","hentry"],"yoast_head":"<!-- This site is optimized with the Yoast SEO plugin v27.4 - https:\/\/yoast.com\/product\/yoast-seo-wordpress\/ -->\n<title>Assistance - D\u00e9pannage Informatique en Meuse<\/title>\n<meta name=\"description\" content=\"Soci\u00e9t\u00e9 de d\u00e9pannage, assistance et de la maintenance informatique \u00e0 domicile \u00e0 votre service en Meuse(55). T\u00e9l : 06 37 12 81 41\" \/>\n<meta name=\"robots\" content=\"index, follow, max-snippet:-1, max-image-preview:large, max-video-preview:-1\" \/>\n<link rel=\"canonical\" href=\"https:\/\/bulin.fr\/\" \/>\n<meta property=\"og:locale\" content=\"fr_FR\" \/>\n<meta property=\"og:type\" content=\"article\" \/>\n<meta property=\"og:title\" content=\"Assistance - D\u00e9pannage Informatique en Meuse\" \/>\n<meta property=\"og:description\" content=\"Soci\u00e9t\u00e9 de d\u00e9pannage, assistance et de la maintenance informatique \u00e0 domicile \u00e0 votre service en Meuse(55). T\u00e9l : 06 37 12 81 41\" \/>\n<meta property=\"og:url\" content=\"https:\/\/bulin.fr\/\" \/>\n<meta property=\"og:site_name\" content=\"D\u00e9pannage Informatique en Meuse\" \/>\n<meta property=\"article:modified_time\" content=\"2023-04-07T15:39:14+00:00\" \/>\n<meta name=\"twitter:card\" content=\"summary_large_image\" \/>\n<meta name=\"twitter:label1\" content=\"Dur\u00e9e de lecture estim\u00e9e\" \/>\n\t<meta name=\"twitter:data1\" content=\"3 minutes\" \/>\n<script type=\"application\/ld+json\" class=\"yoast-schema-graph\">{\"@context\":\"https:\\\/\\\/schema.org\",\"@graph\":[{\"@type\":\"WebPage\",\"@id\":\"https:\\\/\\\/bulin.fr\\\/\",\"url\":\"https:\\\/\\\/bulin.fr\\\/\",\"name\":\"Assistance - D\u00e9pannage Informatique en Meuse\",\"isPartOf\":{\"@id\":\"https:\\\/\\\/bulin.fr\\\/#website\"},\"datePublished\":\"2017-06-25T18:35:35+00:00\",\"dateModified\":\"2023-04-07T15:39:14+00:00\",\"description\":\"Soci\u00e9t\u00e9 de d\u00e9pannage, assistance et de la maintenance informatique \u00e0 domicile \u00e0 votre service en Meuse(55). T\u00e9l : 06 37 12 81 41\",\"breadcrumb\":{\"@id\":\"https:\\\/\\\/bulin.fr\\\/#breadcrumb\"},\"inLanguage\":\"fr-FR\",\"potentialAction\":[{\"@type\":\"ReadAction\",\"target\":[\"https:\\\/\\\/bulin.fr\\\/\"]}]},{\"@type\":\"BreadcrumbList\",\"@id\":\"https:\\\/\\\/bulin.fr\\\/#breadcrumb\",\"itemListElement\":[{\"@type\":\"ListItem\",\"position\":1,\"name\":\"Accueil\",\"item\":\"https:\\\/\\\/bulin.fr\\\/\"},{\"@type\":\"ListItem\",\"position\":2,\"name\":\"Assistance\"}]},{\"@type\":\"WebSite\",\"@id\":\"https:\\\/\\\/bulin.fr\\\/#website\",\"url\":\"https:\\\/\\\/bulin.fr\\\/\",\"name\":\"D\u00e9pannage Informatique en Meuse\",\"description\":\"Bulin assistance informatique - T\u00e9l: 06 37 12 81 41\",\"potentialAction\":[{\"@type\":\"SearchAction\",\"target\":{\"@type\":\"EntryPoint\",\"urlTemplate\":\"https:\\\/\\\/bulin.fr\\\/?s={search_term_string}\"},\"query-input\":{\"@type\":\"PropertyValueSpecification\",\"valueRequired\":true,\"valueName\":\"search_term_string\"}}],\"inLanguage\":\"fr-FR\"}]}<\/script>\n<!-- \/ Yoast SEO plugin. -->","yoast_head_json":{"title":"Assistance - D\u00e9pannage Informatique en Meuse","description":"Soci\u00e9t\u00e9 de d\u00e9pannage, assistance et de la maintenance informatique \u00e0 domicile \u00e0 votre service en Meuse(55). T\u00e9l : 06 37 12 81 41","robots":{"index":"index","follow":"follow","max-snippet":"max-snippet:-1","max-image-preview":"max-image-preview:large","max-video-preview":"max-video-preview:-1"},"canonical":"https:\/\/bulin.fr\/","og_locale":"fr_FR","og_type":"article","og_title":"Assistance - D\u00e9pannage Informatique en Meuse","og_description":"Soci\u00e9t\u00e9 de d\u00e9pannage, assistance et de la maintenance informatique \u00e0 domicile \u00e0 votre service en Meuse(55). T\u00e9l : 06 37 12 81 41","og_url":"https:\/\/bulin.fr\/","og_site_name":"D\u00e9pannage Informatique en Meuse","article_modified_time":"2023-04-07T15:39:14+00:00","twitter_card":"summary_large_image","twitter_misc":{"Dur\u00e9e de lecture estim\u00e9e":"3 minutes"},"schema":{"@context":"https:\/\/schema.org","@graph":[{"@type":"WebPage","@id":"https:\/\/bulin.fr\/","url":"https:\/\/bulin.fr\/","name":"Assistance - D\u00e9pannage Informatique en Meuse","isPartOf":{"@id":"https:\/\/bulin.fr\/#website"},"datePublished":"2017-06-25T18:35:35+00:00","dateModified":"2023-04-07T15:39:14+00:00","description":"Soci\u00e9t\u00e9 de d\u00e9pannage, assistance et de la maintenance informatique \u00e0 domicile \u00e0 votre service en Meuse(55). T\u00e9l : 06 37 12 81 41","breadcrumb":{"@id":"https:\/\/bulin.fr\/#breadcrumb"},"inLanguage":"fr-FR","potentialAction":[{"@type":"ReadAction","target":["https:\/\/bulin.fr\/"]}]},{"@type":"BreadcrumbList","@id":"https:\/\/bulin.fr\/#breadcrumb","itemListElement":[{"@type":"ListItem","position":1,"name":"Accueil","item":"https:\/\/bulin.fr\/"},{"@type":"ListItem","position":2,"name":"Assistance"}]},{"@type":"WebSite","@id":"https:\/\/bulin.fr\/#website","url":"https:\/\/bulin.fr\/","name":"D\u00e9pannage Informatique en Meuse","description":"Bulin assistance informatique - T\u00e9l: 06 37 12 81 41","potentialAction":[{"@type":"SearchAction","target":{"@type":"EntryPoint","urlTemplate":"https:\/\/bulin.fr\/?s={search_term_string}"},"query-input":{"@type":"PropertyValueSpecification","valueRequired":true,"valueName":"search_term_string"}}],"inLanguage":"fr-FR"}]}},"_links":{"self":[{"href":"https:\/\/bulin.fr\/index.php\/wp-json\/wp\/v2\/pages\/73","targetHints":{"allow":["GET"]}}],"collection":[{"href":"https:\/\/bulin.fr\/index.php\/wp-json\/wp\/v2\/pages"}],"about":[{"href":"https:\/\/bulin.fr\/index.php\/wp-json\/wp\/v2\/types\/page"}],"author":[{"embeddable":true,"href":"https:\/\/bulin.fr\/index.php\/wp-json\/wp\/v2\/users\/1"}],"replies":[{"embeddable":true,"href":"https:\/\/bulin.fr\/index.php\/wp-json\/wp\/v2\/comments?post=73"}],"version-history":[{"count":24,"href":"https:\/\/bulin.fr\/index.php\/wp-json\/wp\/v2\/pages\/73\/revisions"}],"predecessor-version":[{"id":1074,"href":"https:\/\/bulin.fr\/index.php\/wp-json\/wp\/v2\/pages\/73\/revisions\/1074"}],"wp:attachment":[{"href":"https:\/\/bulin.fr\/index.php\/wp-json\/wp\/v2\/media?parent=73"}],"curies":[{"name":"wp","href":"https:\/\/api.w.org\/{rel}","templated":true}]}}