{"id":364,"date":"2018-05-19T23:02:17","date_gmt":"2018-05-19T21:02:17","guid":{"rendered":"http:\/\/bulin.fr\/?page_id=364"},"modified":"2022-06-06T18:04:22","modified_gmt":"2022-06-06T16:04:22","slug":"politique-de-confidentialite","status":"publish","type":"page","link":"https:\/\/bulin.fr\/index.php\/politique-de-confidentialite\/","title":{"rendered":"Politique de confidentialit\u00e9"},"content":{"rendered":"<h2><strong>Qui sommes-nous\u00a0?<\/strong><\/h2>\n<p>Bulin Assistance D\u00e9pannage Informatique<\/p>\n<h2><strong>Politique de confidentialit\u00e9<\/strong><\/h2>\n<p>Nous nous engageons \u00e0 ne collecter aucun renseignement personnel, d&rsquo;aucune sorte que ce soit.<\/p>\n<h2><strong>Avis clients<\/strong><\/h2>\n<div class=\"policy-text\">\n<p>Quand les visiteurs laissent des messages sur le site, nous collectons les donn\u00e9es saisies dans le formulaire et \u00e9ventuellement l\u2019adresse IP et l\u2019h\u00e9bergeur du visiteur pour aider \u00e0 d\u00e9tecter les ind\u00e9sirables.<\/p>\n<p>Une cha\u00eene anonymis\u00e9e cr\u00e9\u00e9e \u00e0 partir de votre adresse de messagerie (\u00e9galement appel\u00e9e hash) peut \u00eatre fournie au service Gravatar pour voir si vous l\u2019utilisez. La politique de confidentialit\u00e9 du service Gravatar est disponible ici\u00a0: https:\/\/automattic.com\/privacy\/. Apr\u00e8s l\u2019approbation de votre message, votre photo de profil sera visible par le public dans le contexte de votre message dans le livre d&rsquo;or.<\/p>\n<p>Le message saisi et ses m\u00e9tadonn\u00e9es peuvent \u00eatre envoy\u00e9s \u00e0 des services tiers comme Akismet et Stop Forum Spam pour aider \u00e0 la d\u00e9tection des ind\u00e9sirables. Leurs politiques de confidentialit\u00e9 respectives sont \u00e0 https:\/\/automattic.com\/privacy\/ et https:\/\/www.stopforumspam.com\/privacy.<\/p>\n<\/div>\n<pre><strong>Soci\u00e9t\u00e9 de d\u00e9pannage, assistance et de la maintenance informatique \u00e0 domicile \n\u00e0 votre service en Meuse(55). Situ\u00e9 \u00e0 Bar le duc. T\u00e9l: 06 37 12 81 41<\/strong><\/pre>\n","protected":false},"excerpt":{"rendered":"<p>Qui sommes-nous\u00a0? Bulin Assistance D\u00e9pannage Informatique Politique de confidentialit\u00e9 Nous nous engageons \u00e0 ne collecter aucun renseignement personnel, d&rsquo;aucune sorte que ce soit. Avis clients Quand les visiteurs laissent des messages sur le site,&#46;&#46;&#46;<\/p>\n","protected":false},"author":1,"featured_media":0,"parent":0,"menu_order":0,"comment_status":"closed","ping_status":"closed","template":"","meta":{"footnotes":""},"class_list":["post-364","page","type-page","status-publish","hentry"],"yoast_head":"<!-- This site is optimized with the Yoast SEO plugin v27.5 - https:\/\/yoast.com\/product\/yoast-seo-wordpress\/ -->\n<title>Politique de confidentialit\u00e9 - D\u00e9pannage Informatique en Meuse<\/title>\n<meta name=\"description\" content=\"Quand vous laissez un commentaire sur notre site web, les donn\u00e9es inscrites dans le formulaire de commentaire, mais aussi votre adresse IP et l\u2019agent utilisateur de votre navigateur sont collect\u00e9s pour nous aider \u00e0 la d\u00e9tection des commentaires ind\u00e9sirables.\" \/>\n<meta name=\"robots\" content=\"index, follow, max-snippet:-1, max-image-preview:large, max-video-preview:-1\" \/>\n<link rel=\"canonical\" href=\"https:\/\/bulin.fr\/index.php\/politique-de-confidentialite\/\" \/>\n<meta property=\"og:locale\" content=\"fr_FR\" \/>\n<meta property=\"og:type\" content=\"article\" \/>\n<meta property=\"og:title\" content=\"Politique de confidentialit\u00e9 - D\u00e9pannage Informatique en Meuse\" \/>\n<meta property=\"og:description\" content=\"Quand vous laissez un commentaire sur notre site web, les donn\u00e9es inscrites dans le formulaire de commentaire, mais aussi votre adresse IP et l\u2019agent utilisateur de votre navigateur sont collect\u00e9s pour nous aider \u00e0 la d\u00e9tection des commentaires ind\u00e9sirables.\" \/>\n<meta property=\"og:url\" content=\"https:\/\/bulin.fr\/index.php\/politique-de-confidentialite\/\" \/>\n<meta property=\"og:site_name\" content=\"D\u00e9pannage Informatique en Meuse\" \/>\n<meta property=\"article:modified_time\" content=\"2022-06-06T16:04:22+00:00\" \/>\n<meta name=\"twitter:card\" content=\"summary_large_image\" \/>\n<meta name=\"twitter:label1\" content=\"Dur\u00e9e de lecture estim\u00e9e\" \/>\n\t<meta name=\"twitter:data1\" content=\"1 minute\" \/>\n<script type=\"application\/ld+json\" class=\"yoast-schema-graph\">{\"@context\":\"https:\\\/\\\/schema.org\",\"@graph\":[{\"@type\":\"WebPage\",\"@id\":\"https:\\\/\\\/bulin.fr\\\/index.php\\\/politique-de-confidentialite\\\/\",\"url\":\"https:\\\/\\\/bulin.fr\\\/index.php\\\/politique-de-confidentialite\\\/\",\"name\":\"Politique de confidentialit\u00e9 - D\u00e9pannage Informatique en Meuse\",\"isPartOf\":{\"@id\":\"https:\\\/\\\/bulin.fr\\\/#website\"},\"datePublished\":\"2018-05-19T21:02:17+00:00\",\"dateModified\":\"2022-06-06T16:04:22+00:00\",\"description\":\"Quand vous laissez un commentaire sur notre site web, les donn\u00e9es inscrites dans le formulaire de commentaire, mais aussi votre adresse IP et l\u2019agent utilisateur de votre navigateur sont collect\u00e9s pour nous aider \u00e0 la d\u00e9tection des commentaires ind\u00e9sirables.\",\"breadcrumb\":{\"@id\":\"https:\\\/\\\/bulin.fr\\\/index.php\\\/politique-de-confidentialite\\\/#breadcrumb\"},\"inLanguage\":\"fr-FR\",\"potentialAction\":[{\"@type\":\"ReadAction\",\"target\":[\"https:\\\/\\\/bulin.fr\\\/index.php\\\/politique-de-confidentialite\\\/\"]}]},{\"@type\":\"BreadcrumbList\",\"@id\":\"https:\\\/\\\/bulin.fr\\\/index.php\\\/politique-de-confidentialite\\\/#breadcrumb\",\"itemListElement\":[{\"@type\":\"ListItem\",\"position\":1,\"name\":\"Accueil\",\"item\":\"https:\\\/\\\/bulin.fr\\\/\"},{\"@type\":\"ListItem\",\"position\":2,\"name\":\"Politique de confidentialit\u00e9\"}]},{\"@type\":\"WebSite\",\"@id\":\"https:\\\/\\\/bulin.fr\\\/#website\",\"url\":\"https:\\\/\\\/bulin.fr\\\/\",\"name\":\"D\u00e9pannage Informatique en Meuse\",\"description\":\"Bulin assistance informatique - T\u00e9l: 06 37 12 81 41\",\"potentialAction\":[{\"@type\":\"SearchAction\",\"target\":{\"@type\":\"EntryPoint\",\"urlTemplate\":\"https:\\\/\\\/bulin.fr\\\/?s={search_term_string}\"},\"query-input\":{\"@type\":\"PropertyValueSpecification\",\"valueRequired\":true,\"valueName\":\"search_term_string\"}}],\"inLanguage\":\"fr-FR\"}]}<\/script>\n<!-- \/ Yoast SEO plugin. -->","yoast_head_json":{"title":"Politique de confidentialit\u00e9 - D\u00e9pannage Informatique en Meuse","description":"Quand vous laissez un commentaire sur notre site web, les donn\u00e9es inscrites dans le formulaire de commentaire, mais aussi votre adresse IP et l\u2019agent utilisateur de votre navigateur sont collect\u00e9s pour nous aider \u00e0 la d\u00e9tection des commentaires ind\u00e9sirables.","robots":{"index":"index","follow":"follow","max-snippet":"max-snippet:-1","max-image-preview":"max-image-preview:large","max-video-preview":"max-video-preview:-1"},"canonical":"https:\/\/bulin.fr\/index.php\/politique-de-confidentialite\/","og_locale":"fr_FR","og_type":"article","og_title":"Politique de confidentialit\u00e9 - D\u00e9pannage Informatique en Meuse","og_description":"Quand vous laissez un commentaire sur notre site web, les donn\u00e9es inscrites dans le formulaire de commentaire, mais aussi votre adresse IP et l\u2019agent utilisateur de votre navigateur sont collect\u00e9s pour nous aider \u00e0 la d\u00e9tection des commentaires ind\u00e9sirables.","og_url":"https:\/\/bulin.fr\/index.php\/politique-de-confidentialite\/","og_site_name":"D\u00e9pannage Informatique en Meuse","article_modified_time":"2022-06-06T16:04:22+00:00","twitter_card":"summary_large_image","twitter_misc":{"Dur\u00e9e de lecture estim\u00e9e":"1 minute"},"schema":{"@context":"https:\/\/schema.org","@graph":[{"@type":"WebPage","@id":"https:\/\/bulin.fr\/index.php\/politique-de-confidentialite\/","url":"https:\/\/bulin.fr\/index.php\/politique-de-confidentialite\/","name":"Politique de confidentialit\u00e9 - D\u00e9pannage Informatique en Meuse","isPartOf":{"@id":"https:\/\/bulin.fr\/#website"},"datePublished":"2018-05-19T21:02:17+00:00","dateModified":"2022-06-06T16:04:22+00:00","description":"Quand vous laissez un commentaire sur notre site web, les donn\u00e9es inscrites dans le formulaire de commentaire, mais aussi votre adresse IP et l\u2019agent utilisateur de votre navigateur sont collect\u00e9s pour nous aider \u00e0 la d\u00e9tection des commentaires ind\u00e9sirables.","breadcrumb":{"@id":"https:\/\/bulin.fr\/index.php\/politique-de-confidentialite\/#breadcrumb"},"inLanguage":"fr-FR","potentialAction":[{"@type":"ReadAction","target":["https:\/\/bulin.fr\/index.php\/politique-de-confidentialite\/"]}]},{"@type":"BreadcrumbList","@id":"https:\/\/bulin.fr\/index.php\/politique-de-confidentialite\/#breadcrumb","itemListElement":[{"@type":"ListItem","position":1,"name":"Accueil","item":"https:\/\/bulin.fr\/"},{"@type":"ListItem","position":2,"name":"Politique de confidentialit\u00e9"}]},{"@type":"WebSite","@id":"https:\/\/bulin.fr\/#website","url":"https:\/\/bulin.fr\/","name":"D\u00e9pannage Informatique en Meuse","description":"Bulin assistance informatique - T\u00e9l: 06 37 12 81 41","potentialAction":[{"@type":"SearchAction","target":{"@type":"EntryPoint","urlTemplate":"https:\/\/bulin.fr\/?s={search_term_string}"},"query-input":{"@type":"PropertyValueSpecification","valueRequired":true,"valueName":"search_term_string"}}],"inLanguage":"fr-FR"}]}},"_links":{"self":[{"href":"https:\/\/bulin.fr\/index.php\/wp-json\/wp\/v2\/pages\/364","targetHints":{"allow":["GET"]}}],"collection":[{"href":"https:\/\/bulin.fr\/index.php\/wp-json\/wp\/v2\/pages"}],"about":[{"href":"https:\/\/bulin.fr\/index.php\/wp-json\/wp\/v2\/types\/page"}],"author":[{"embeddable":true,"href":"https:\/\/bulin.fr\/index.php\/wp-json\/wp\/v2\/users\/1"}],"replies":[{"embeddable":true,"href":"https:\/\/bulin.fr\/index.php\/wp-json\/wp\/v2\/comments?post=364"}],"version-history":[{"count":8,"href":"https:\/\/bulin.fr\/index.php\/wp-json\/wp\/v2\/pages\/364\/revisions"}],"predecessor-version":[{"id":1027,"href":"https:\/\/bulin.fr\/index.php\/wp-json\/wp\/v2\/pages\/364\/revisions\/1027"}],"wp:attachment":[{"href":"https:\/\/bulin.fr\/index.php\/wp-json\/wp\/v2\/media?parent=364"}],"curies":[{"name":"wp","href":"https:\/\/api.w.org\/{rel}","templated":true}]}}