{"id":317,"date":"2017-06-28T12:27:48","date_gmt":"2017-06-28T10:27:48","guid":{"rendered":"http:\/\/bulin.fr\/?page_id=317"},"modified":"2017-06-28T12:27:48","modified_gmt":"2017-06-28T10:27:48","slug":"politique-relative-aux-cookies","status":"publish","type":"page","link":"https:\/\/bulin.fr\/index.php\/politique-relative-aux-cookies\/","title":{"rendered":"POLITIQUE RELATIVE AUX COOKIES"},"content":{"rendered":"<h3 class=\"legal-title\">Qu&rsquo;est-ce que les cookies\u00a0?<\/h3>\n<p class=\"legal-paragraph\">Les cookies sont des fichiers texte contenant un nombre restreint d&rsquo;informations qui sont envoy\u00e9es \u00e0 votre navigateur et stock\u00e9es sur votre ordinateur, votre t\u00e9l\u00e9phone portable ou tout autre appareil quand vous visitez un site Web. Les cookies renvoient des informations au site Web \u00e0 chaque fois que vous y retournez.<br \/>\nLes cookies peuvent \u00eatre permanents (on les appelle alors \u00ab\u00a0cookies persistants\u00a0\u00bb), ce qui signifie qu&rsquo;ils restent sur votre ordinateur jusqu&rsquo;\u00e0 ce que vous les supprimiez, ou bien ils peuvent \u00eatre temporaires (\u00ab\u00a0cookies de session\u00a0), ce qui veut dire qu&rsquo;ils disparaissent quand vous fermez votre navigateur. Les cookies peuvent aussi \u00eatre internes, c&rsquo;est-\u00e0-dire qu&rsquo;ils sont plac\u00e9s par le site Web que vous \u00eates en train de visiter, ou tiers, autrement dit plac\u00e9s par un site Web autre que celui que vous \u00eates en train de visiter.<\/p>\n<h3 class=\"legal-title\">Quel usage https:\/\/www.bulin.fr \u00a0fait-il des cookies\u00a0?<\/h3>\n<p class=\"legal-paragraph\">Nous utilisons les cookies afin d&rsquo;am\u00e9liorer la fonctionnalit\u00e9 de nos sites Web, de vous permettre de naviguer d&rsquo;une page \u00e0 une autre sans probl\u00e8me, de garder vos pr\u00e9f\u00e9rences en m\u00e9moire et, de mani\u00e8re g\u00e9n\u00e9rale, pour am\u00e9liorer l&rsquo;exp\u00e9rience de nos utilisateurs.<\/p>\n<h3 class=\"legal-title\">Les cookies que nous utilisons et leurs r\u00f4les<\/h3>\n<p class=\"legal-paragraph\">Les cookies que nous employons sur nos sites Web sont r\u00e9partis selon les cat\u00e9gories suivantes (conform\u00e9ment au guide sur les cookies de la Chambre de commerce internationale):<br \/>\nUsage que Turner fait de ces cookies<\/p>\n<h4 class=\"legal-subtitle\">Cookies strictement n\u00e9cessaires:<\/h4>\n<p class=\"legal-subparagraph\">Ces cookies sont indispensables pour vous permettre de naviguer dans le site Web et d&rsquo;utiliser les services que vous demandez, comme acc\u00e9der \u00e0 des pages s\u00e9curis\u00e9es du site.<br \/>\nNous utilisons ce type de cookies pour g\u00e9rer l&rsquo;enregistrement des utilisateurs et leur connexion. Sans ces cookies, les services que vous voulez utiliser ne pourraient pas vous \u00eatre fournis. Ces cookies sont de type interne, et ils peuvent \u00eatre soit permanents, soit temporaires. Pour r\u00e9sumer, sans ces cookies, nos sites ne fonctionneraient pas correctement.<\/p>\n<h4 class=\"legal-subtitle\">Cookies de performance:<\/h4>\n<p class=\"legal-subparagraph\">Ces cookies recueillent des informations concernant la fa\u00e7on dont les visiteurs utilisent un site Web, par exemple quelle page est visit\u00e9e le plus souvent. Ces cookies ne collectent pas d&rsquo;information permettant d&rsquo;identifier les visiteurs individuellement. Tous les renseignements r\u00e9cup\u00e9r\u00e9s par ces cookies sont agr\u00e9g\u00e9s et anonymes.<br \/>\nNous utilisons ces cookies pour\u00a0:<br \/>\n&#8211; fournir des statistiques sur l&rsquo;usage qui est fait de nos sites Web<br \/>\n&#8211; mesurer la diffusion de nos campagnes de publicit\u00e9.<br \/>\nCes cookies peuvent \u00eatre permanents ou temporaires, internes ou tiers. Pour r\u00e9sumer, ces cookies recueillent des informations anonymes sur les pages visit\u00e9es et les publicit\u00e9s qui ont \u00e9t\u00e9 vues.<\/p>\n<h4 class=\"legal-subtitle\">Cookies fonctionnels:<\/h4>\n<p class=\"legal-subparagraph\">Ces cookies permettent au site Web de se souvenir de vos choix (par exemple, votre nom d&rsquo;utilisateur, votre langue et votre pays de r\u00e9sidence) ainsi que de fournir des fonctionnalit\u00e9s enrichies et plus personnelles. Ces cookies servent aussi parfois \u00e0 vous fournir des services que vous avez demand\u00e9s, comme regarder une vid\u00e9o ou publier un commentaire de blog. Les informations utilis\u00e9es par ces cookies sont rendues anonymes et sont incapables de suivre votre navigation sur les autres sites Web.<br \/>\nNous utilisons ces cookies pour\u00a0:<br \/>\n&#8211; se souvenir si un service vous a d\u00e9j\u00e0 \u00e9t\u00e9 fourni par le pass\u00e9<br \/>\n&#8211; enrichir l&rsquo;exp\u00e9rience globale sur l&rsquo;int\u00e9gralit\u00e9 du site Web en gardant vos pr\u00e9f\u00e9rences en m\u00e9moire.<br \/>\nCes cookies peuvent \u00eatre permanents ou temporaires, internes ou tiers. Pour r\u00e9sumer, ces cookies se souviennent des choix que vous faites dans le but d&rsquo;am\u00e9liorer votre exp\u00e9rience utilisateur.<\/p>\n<h4 class=\"legal-subtitle\">Cookies publicitaires:<\/h4>\n<p class=\"legal-subparagraph\">Ces cookies servent \u00e0 limiter le nombre de fois qu&rsquo;une publicit\u00e9 vous est montr\u00e9e et ils contribuent \u00e9galement \u00e0 mesurer la diffusion des campagnes publicitaires.<br \/>\nLes cookies publicitaires servent \u00e0 g\u00e9rer la publicit\u00e9 sur l&rsquo;int\u00e9gralit\u00e9 du site Web.<br \/>\nLes cookies publicitaires sont plac\u00e9s par des tierces-parties, par exemple des publicitaires et leurs agents. Ces cookies peuvent \u00eatre permanents ou temporaires. Pour r\u00e9sumer, ils sont li\u00e9s \u00e0 des services publicitaires fournis par des tiers sur nos sites Web.<\/p>\n<h4 class=\"legal-subtitle\">Autres cookies tiers<\/h4>\n<p class=\"legal-subparagraph\">Nous utilisons peut-\u00eatre, sur certaines pages de notre site Web, des services comme YouTube ou Facebook. Notez bien que nous ne contr\u00f4lons aucun cookie utilis\u00e9 par ces services. Vous devez consulter le site Web du tiers en question pour obtenir de plus amples informations concernant ces cookies.<\/p>\n<h3 class=\"legal-title\">Comment g\u00e9rer et supprimer les cookies<\/h3>\n<p class=\"legal-paragraph\">Si vous voulez restreindre, bloquer ou encore supprimer des cookies, vous pouvez le faire par l&rsquo;interm\u00e9diaire des r\u00e9glages de votre navigateur Web. La marche \u00e0 suivre varie selon le navigateur que vous utilisez. Cliquez sur le lien correspondant \u00e0 votre navigateur, ci-dessous, pour obtenir des instructions.<\/p>\n<h4 class=\"legal-subtitle\">Internet Explorer<\/h4>\n<p class=\"legal-subparagraph\"><a href=\"http:\/\/support.microsoft.com\/kb\/196955\/fr\" target=\"_blank\" rel=\"noopener\">http:\/\/support.microsoft.com\/kb\/196955\/fr<\/a><\/p>\n<h4 class=\"legal-subtitle\">Firefox<\/h4>\n<p class=\"legal-subparagraph\"><a href=\"http:\/\/support.mozilla.org\/fr\/kb\/cookies-informations-sites-enregistrent?redirectlocale=en-US&amp;redirectslug=Cookies\" target=\"_blank\" rel=\"noopener\">http:\/\/support.mozilla.org\/fr\/kb\/cookies-informations-sites-enregistrent?redirectlocale=en-US&amp;redirectslug=Cookies<\/a><\/p>\n<h4 class=\"legal-subtitle\">Google Chrome<\/h4>\n<p class=\"legal-subparagraph\"><a href=\"https:\/\/support.google.com\/chrome\/answer\/95647?hl=fr\" target=\"_blank\" rel=\"noopener\">https:\/\/support.google.com\/chrome\/answer\/95647?hl=fr<\/a><\/p>\n<h4 class=\"legal-subtitle\">Opera<\/h4>\n<p class=\"legal-subparagraph\"><a href=\"http:\/\/www.opera.com\/browser\/tutorials\/security\/privacy\/\" target=\"_blank\" rel=\"noopener\">http:\/\/www.opera.com\/browser\/tutorials\/security\/privacy\/<\/a><\/p>\n<h4 class=\"legal-subtitle\">Safari<\/h4>\n<p class=\"legal-subparagraph\"><a href=\"http:\/\/support.apple.com\/kb\/PH5042\" target=\"_blank\" rel=\"noopener\">http:\/\/support.apple.com\/kb\/PH5042<\/a><\/p>\n<h4 class=\"legal-subtitle\">Safari iOS (iPhone, iPad, iPod touch)<\/h4>\n<p class=\"legal-subparagraph\"><a href=\"http:\/\/support.apple.com\/kb\/HT1677?viewlocale=fr_FR\" target=\"_blank\" rel=\"noopener\">http:\/\/support.apple.com\/kb\/HT1677?viewlocale=fr_FR<\/a><\/p>\n<p class=\"legal-paragraph\">Si vous utilisez un navigateur n&rsquo;apparaissant pas dans la liste ci-dessus, la section \u00ab\u00a0Aide\u00a0\u00bb de votre navigateur vous indiquera la proc\u00e9dure \u00e0 suivre.<\/p>\n<p class=\"legal-paragraph\">Vous pouvez aussi vous rendre sur le site\u00a0<a href=\"http:\/\/www.aboutcookies.org\/\" target=\"_blank\" rel=\"noopener\">http:\/\/www.aboutcookies.org<\/a>\u00a0pour obtenir de plus amples informations sur la mani\u00e8re de g\u00e9rer et supprimer les cookies sur certain autres navigateurs Web.<\/p>\n<p class=\"legal-paragraph\">Notez bien que certaines pages de nos sites Web peuvent uniquement \u00eatre visit\u00e9es si vous avez activ\u00e9 les cookies. Il est important de savoir que toute d\u00e9sactivation des cookies peut vous emp\u00eacher d&rsquo;acc\u00e9der \u00e0 certains de nos contenus et de profiter de toutes les fonctions de nos sites Web.<\/p>\n<p class=\"legal-paragraph\">Pour obtenir de plus amples informations sur la gestion des cookies sur le navigateur de votre appareil mobile, consultez le manuel de votre appareil.<\/p>\n","protected":false},"excerpt":{"rendered":"<p>Qu&rsquo;est-ce que les cookies\u00a0? Les cookies sont des fichiers texte contenant un nombre restreint d&rsquo;informations qui sont envoy\u00e9es \u00e0 votre navigateur et stock\u00e9es sur votre ordinateur, votre t\u00e9l\u00e9phone portable ou tout autre appareil quand&#46;&#46;&#46;<\/p>\n","protected":false},"author":1,"featured_media":0,"parent":0,"menu_order":0,"comment_status":"closed","ping_status":"closed","template":"","meta":{"footnotes":""},"class_list":["post-317","page","type-page","status-publish","hentry"],"yoast_head":"<!-- This site is optimized with the Yoast SEO plugin v27.4 - https:\/\/yoast.com\/product\/yoast-seo-wordpress\/ -->\n<title>POLITIQUE RELATIVE AUX COOKIES - D\u00e9pannage Informatique en Meuse<\/title>\n<meta name=\"robots\" content=\"index, follow, max-snippet:-1, max-image-preview:large, max-video-preview:-1\" \/>\n<link rel=\"canonical\" href=\"https:\/\/bulin.fr\/index.php\/politique-relative-aux-cookies\/\" \/>\n<meta property=\"og:locale\" content=\"fr_FR\" \/>\n<meta property=\"og:type\" content=\"article\" \/>\n<meta property=\"og:title\" content=\"POLITIQUE RELATIVE AUX COOKIES - D\u00e9pannage Informatique en Meuse\" \/>\n<meta property=\"og:description\" content=\"Qu&rsquo;est-ce que les cookies\u00a0? Les cookies sont des fichiers texte contenant un nombre restreint d&rsquo;informations qui sont envoy\u00e9es \u00e0 votre navigateur et stock\u00e9es sur votre ordinateur, votre t\u00e9l\u00e9phone portable ou tout autre appareil quand&#046;&#046;&#046;\" \/>\n<meta property=\"og:url\" content=\"https:\/\/bulin.fr\/index.php\/politique-relative-aux-cookies\/\" \/>\n<meta property=\"og:site_name\" content=\"D\u00e9pannage Informatique en Meuse\" \/>\n<meta name=\"twitter:card\" content=\"summary_large_image\" \/>\n<meta name=\"twitter:label1\" content=\"Dur\u00e9e de lecture estim\u00e9e\" \/>\n\t<meta name=\"twitter:data1\" content=\"5 minutes\" \/>\n<script type=\"application\/ld+json\" class=\"yoast-schema-graph\">{\"@context\":\"https:\\\/\\\/schema.org\",\"@graph\":[{\"@type\":\"WebPage\",\"@id\":\"https:\\\/\\\/bulin.fr\\\/index.php\\\/politique-relative-aux-cookies\\\/\",\"url\":\"https:\\\/\\\/bulin.fr\\\/index.php\\\/politique-relative-aux-cookies\\\/\",\"name\":\"POLITIQUE RELATIVE AUX COOKIES - D\u00e9pannage Informatique en Meuse\",\"isPartOf\":{\"@id\":\"https:\\\/\\\/bulin.fr\\\/#website\"},\"datePublished\":\"2017-06-28T10:27:48+00:00\",\"breadcrumb\":{\"@id\":\"https:\\\/\\\/bulin.fr\\\/index.php\\\/politique-relative-aux-cookies\\\/#breadcrumb\"},\"inLanguage\":\"fr-FR\",\"potentialAction\":[{\"@type\":\"ReadAction\",\"target\":[\"https:\\\/\\\/bulin.fr\\\/index.php\\\/politique-relative-aux-cookies\\\/\"]}]},{\"@type\":\"BreadcrumbList\",\"@id\":\"https:\\\/\\\/bulin.fr\\\/index.php\\\/politique-relative-aux-cookies\\\/#breadcrumb\",\"itemListElement\":[{\"@type\":\"ListItem\",\"position\":1,\"name\":\"Accueil\",\"item\":\"https:\\\/\\\/bulin.fr\\\/\"},{\"@type\":\"ListItem\",\"position\":2,\"name\":\"POLITIQUE RELATIVE AUX COOKIES\"}]},{\"@type\":\"WebSite\",\"@id\":\"https:\\\/\\\/bulin.fr\\\/#website\",\"url\":\"https:\\\/\\\/bulin.fr\\\/\",\"name\":\"D\u00e9pannage Informatique en Meuse\",\"description\":\"Bulin assistance informatique - T\u00e9l: 06 37 12 81 41\",\"potentialAction\":[{\"@type\":\"SearchAction\",\"target\":{\"@type\":\"EntryPoint\",\"urlTemplate\":\"https:\\\/\\\/bulin.fr\\\/?s={search_term_string}\"},\"query-input\":{\"@type\":\"PropertyValueSpecification\",\"valueRequired\":true,\"valueName\":\"search_term_string\"}}],\"inLanguage\":\"fr-FR\"}]}<\/script>\n<!-- \/ Yoast SEO plugin. -->","yoast_head_json":{"title":"POLITIQUE RELATIVE AUX COOKIES - D\u00e9pannage Informatique en Meuse","robots":{"index":"index","follow":"follow","max-snippet":"max-snippet:-1","max-image-preview":"max-image-preview:large","max-video-preview":"max-video-preview:-1"},"canonical":"https:\/\/bulin.fr\/index.php\/politique-relative-aux-cookies\/","og_locale":"fr_FR","og_type":"article","og_title":"POLITIQUE RELATIVE AUX COOKIES - D\u00e9pannage Informatique en Meuse","og_description":"Qu&rsquo;est-ce que les cookies\u00a0? Les cookies sont des fichiers texte contenant un nombre restreint d&rsquo;informations qui sont envoy\u00e9es \u00e0 votre navigateur et stock\u00e9es sur votre ordinateur, votre t\u00e9l\u00e9phone portable ou tout autre appareil quand&#46;&#46;&#46;","og_url":"https:\/\/bulin.fr\/index.php\/politique-relative-aux-cookies\/","og_site_name":"D\u00e9pannage Informatique en Meuse","twitter_card":"summary_large_image","twitter_misc":{"Dur\u00e9e de lecture estim\u00e9e":"5 minutes"},"schema":{"@context":"https:\/\/schema.org","@graph":[{"@type":"WebPage","@id":"https:\/\/bulin.fr\/index.php\/politique-relative-aux-cookies\/","url":"https:\/\/bulin.fr\/index.php\/politique-relative-aux-cookies\/","name":"POLITIQUE RELATIVE AUX COOKIES - D\u00e9pannage Informatique en Meuse","isPartOf":{"@id":"https:\/\/bulin.fr\/#website"},"datePublished":"2017-06-28T10:27:48+00:00","breadcrumb":{"@id":"https:\/\/bulin.fr\/index.php\/politique-relative-aux-cookies\/#breadcrumb"},"inLanguage":"fr-FR","potentialAction":[{"@type":"ReadAction","target":["https:\/\/bulin.fr\/index.php\/politique-relative-aux-cookies\/"]}]},{"@type":"BreadcrumbList","@id":"https:\/\/bulin.fr\/index.php\/politique-relative-aux-cookies\/#breadcrumb","itemListElement":[{"@type":"ListItem","position":1,"name":"Accueil","item":"https:\/\/bulin.fr\/"},{"@type":"ListItem","position":2,"name":"POLITIQUE RELATIVE AUX COOKIES"}]},{"@type":"WebSite","@id":"https:\/\/bulin.fr\/#website","url":"https:\/\/bulin.fr\/","name":"D\u00e9pannage Informatique en Meuse","description":"Bulin assistance informatique - T\u00e9l: 06 37 12 81 41","potentialAction":[{"@type":"SearchAction","target":{"@type":"EntryPoint","urlTemplate":"https:\/\/bulin.fr\/?s={search_term_string}"},"query-input":{"@type":"PropertyValueSpecification","valueRequired":true,"valueName":"search_term_string"}}],"inLanguage":"fr-FR"}]}},"_links":{"self":[{"href":"https:\/\/bulin.fr\/index.php\/wp-json\/wp\/v2\/pages\/317","targetHints":{"allow":["GET"]}}],"collection":[{"href":"https:\/\/bulin.fr\/index.php\/wp-json\/wp\/v2\/pages"}],"about":[{"href":"https:\/\/bulin.fr\/index.php\/wp-json\/wp\/v2\/types\/page"}],"author":[{"embeddable":true,"href":"https:\/\/bulin.fr\/index.php\/wp-json\/wp\/v2\/users\/1"}],"replies":[{"embeddable":true,"href":"https:\/\/bulin.fr\/index.php\/wp-json\/wp\/v2\/comments?post=317"}],"version-history":[{"count":1,"href":"https:\/\/bulin.fr\/index.php\/wp-json\/wp\/v2\/pages\/317\/revisions"}],"predecessor-version":[{"id":319,"href":"https:\/\/bulin.fr\/index.php\/wp-json\/wp\/v2\/pages\/317\/revisions\/319"}],"wp:attachment":[{"href":"https:\/\/bulin.fr\/index.php\/wp-json\/wp\/v2\/media?parent=317"}],"curies":[{"name":"wp","href":"https:\/\/api.w.org\/{rel}","templated":true}]}}