{"id":176,"date":"2017-06-26T00:14:01","date_gmt":"2017-06-25T22:14:01","guid":{"rendered":"http:\/\/bulin.fr\/?page_id=176"},"modified":"2023-10-11T14:03:41","modified_gmt":"2023-10-11T12:03:41","slug":"contact","status":"publish","type":"page","link":"https:\/\/bulin.fr\/index.php\/contact\/","title":{"rendered":"Contact"},"content":{"rendered":"<h1 style=\"text-align: center;\"><strong>Contactez nous au : <span style=\"background-color: #ffffff; color: #3366ff;\">06 37 12 81 41<\/span><\/strong><\/h1>\n<pre><strong>Soci\u00e9t\u00e9 de d\u00e9pannage, assistance et de la maintenance informatique<\/strong> <strong>\u00e0 domicile \n\u00e0 votre service en Meuse(55). Situ\u00e9 \u00e0 Bar le duc. T\u00e9l: 06 37 12 81 41<\/strong><\/pre>\n","protected":false},"excerpt":{"rendered":"<p>Contactez nous au : 06 37 12 81 41 Soci\u00e9t\u00e9 de d\u00e9pannage, assistance et de la maintenance informatique \u00e0 domicile \u00e0 votre service en Meuse(55). Situ\u00e9 \u00e0 Bar le duc. T\u00e9l: 06 37 12&#46;&#46;&#46;<\/p>\n","protected":false},"author":1,"featured_media":0,"parent":0,"menu_order":0,"comment_status":"closed","ping_status":"closed","template":"","meta":{"footnotes":""},"class_list":["post-176","page","type-page","status-publish","hentry"],"yoast_head":"<!-- This site is optimized with the Yoast SEO plugin v27.4 - https:\/\/yoast.com\/product\/yoast-seo-wordpress\/ -->\n<title>Contact - D\u00e9pannage Informatique en Meuse<\/title>\n<meta name=\"description\" content=\"Soci\u00e9t\u00e9 de d\u00e9pannage, assistance et de la maintenance informatique \u00e0 domicile \u00e0 votre service en Meuse(55). Situ\u00e9 \u00e0 Bar le duc. contact T\u00e9l: 06 02 27 36 83\" \/>\n<meta name=\"robots\" content=\"index, follow, max-snippet:-1, max-image-preview:large, max-video-preview:-1\" \/>\n<link rel=\"canonical\" href=\"https:\/\/bulin.fr\/index.php\/contact\/\" \/>\n<meta property=\"og:locale\" content=\"fr_FR\" \/>\n<meta property=\"og:type\" content=\"article\" \/>\n<meta property=\"og:title\" content=\"Contact - D\u00e9pannage Informatique en Meuse\" \/>\n<meta property=\"og:description\" content=\"Soci\u00e9t\u00e9 de d\u00e9pannage, assistance et de la maintenance informatique \u00e0 domicile \u00e0 votre service en Meuse(55). Situ\u00e9 \u00e0 Bar le duc. contact T\u00e9l: 06 02 27 36 83\" \/>\n<meta property=\"og:url\" content=\"https:\/\/bulin.fr\/index.php\/contact\/\" \/>\n<meta property=\"og:site_name\" content=\"D\u00e9pannage Informatique en Meuse\" \/>\n<meta property=\"article:modified_time\" content=\"2023-10-11T12:03:41+00:00\" \/>\n<meta name=\"twitter:card\" content=\"summary_large_image\" \/>\n<meta name=\"twitter:label1\" content=\"Dur\u00e9e de lecture estim\u00e9e\" \/>\n\t<meta name=\"twitter:data1\" content=\"1 minute\" \/>\n<script type=\"application\/ld+json\" class=\"yoast-schema-graph\">{\"@context\":\"https:\\\/\\\/schema.org\",\"@graph\":[{\"@type\":\"WebPage\",\"@id\":\"https:\\\/\\\/bulin.fr\\\/index.php\\\/contact\\\/\",\"url\":\"https:\\\/\\\/bulin.fr\\\/index.php\\\/contact\\\/\",\"name\":\"Contact - D\u00e9pannage Informatique en Meuse\",\"isPartOf\":{\"@id\":\"https:\\\/\\\/bulin.fr\\\/#website\"},\"datePublished\":\"2017-06-25T22:14:01+00:00\",\"dateModified\":\"2023-10-11T12:03:41+00:00\",\"description\":\"Soci\u00e9t\u00e9 de d\u00e9pannage, assistance et de la maintenance informatique \u00e0 domicile \u00e0 votre service en Meuse(55). Situ\u00e9 \u00e0 Bar le duc. contact T\u00e9l: 06 02 27 36 83\",\"breadcrumb\":{\"@id\":\"https:\\\/\\\/bulin.fr\\\/index.php\\\/contact\\\/#breadcrumb\"},\"inLanguage\":\"fr-FR\",\"potentialAction\":[{\"@type\":\"ReadAction\",\"target\":[\"https:\\\/\\\/bulin.fr\\\/index.php\\\/contact\\\/\"]}]},{\"@type\":\"BreadcrumbList\",\"@id\":\"https:\\\/\\\/bulin.fr\\\/index.php\\\/contact\\\/#breadcrumb\",\"itemListElement\":[{\"@type\":\"ListItem\",\"position\":1,\"name\":\"Accueil\",\"item\":\"https:\\\/\\\/bulin.fr\\\/\"},{\"@type\":\"ListItem\",\"position\":2,\"name\":\"Contact\"}]},{\"@type\":\"WebSite\",\"@id\":\"https:\\\/\\\/bulin.fr\\\/#website\",\"url\":\"https:\\\/\\\/bulin.fr\\\/\",\"name\":\"D\u00e9pannage Informatique en Meuse\",\"description\":\"Bulin assistance informatique - T\u00e9l: 06 37 12 81 41\",\"potentialAction\":[{\"@type\":\"SearchAction\",\"target\":{\"@type\":\"EntryPoint\",\"urlTemplate\":\"https:\\\/\\\/bulin.fr\\\/?s={search_term_string}\"},\"query-input\":{\"@type\":\"PropertyValueSpecification\",\"valueRequired\":true,\"valueName\":\"search_term_string\"}}],\"inLanguage\":\"fr-FR\"}]}<\/script>\n<!-- \/ Yoast SEO plugin. -->","yoast_head_json":{"title":"Contact - D\u00e9pannage Informatique en Meuse","description":"Soci\u00e9t\u00e9 de d\u00e9pannage, assistance et de la maintenance informatique \u00e0 domicile \u00e0 votre service en Meuse(55). Situ\u00e9 \u00e0 Bar le duc. contact T\u00e9l: 06 02 27 36 83","robots":{"index":"index","follow":"follow","max-snippet":"max-snippet:-1","max-image-preview":"max-image-preview:large","max-video-preview":"max-video-preview:-1"},"canonical":"https:\/\/bulin.fr\/index.php\/contact\/","og_locale":"fr_FR","og_type":"article","og_title":"Contact - D\u00e9pannage Informatique en Meuse","og_description":"Soci\u00e9t\u00e9 de d\u00e9pannage, assistance et de la maintenance informatique \u00e0 domicile \u00e0 votre service en Meuse(55). Situ\u00e9 \u00e0 Bar le duc. contact T\u00e9l: 06 02 27 36 83","og_url":"https:\/\/bulin.fr\/index.php\/contact\/","og_site_name":"D\u00e9pannage Informatique en Meuse","article_modified_time":"2023-10-11T12:03:41+00:00","twitter_card":"summary_large_image","twitter_misc":{"Dur\u00e9e de lecture estim\u00e9e":"1 minute"},"schema":{"@context":"https:\/\/schema.org","@graph":[{"@type":"WebPage","@id":"https:\/\/bulin.fr\/index.php\/contact\/","url":"https:\/\/bulin.fr\/index.php\/contact\/","name":"Contact - D\u00e9pannage Informatique en Meuse","isPartOf":{"@id":"https:\/\/bulin.fr\/#website"},"datePublished":"2017-06-25T22:14:01+00:00","dateModified":"2023-10-11T12:03:41+00:00","description":"Soci\u00e9t\u00e9 de d\u00e9pannage, assistance et de la maintenance informatique \u00e0 domicile \u00e0 votre service en Meuse(55). Situ\u00e9 \u00e0 Bar le duc. contact T\u00e9l: 06 02 27 36 83","breadcrumb":{"@id":"https:\/\/bulin.fr\/index.php\/contact\/#breadcrumb"},"inLanguage":"fr-FR","potentialAction":[{"@type":"ReadAction","target":["https:\/\/bulin.fr\/index.php\/contact\/"]}]},{"@type":"BreadcrumbList","@id":"https:\/\/bulin.fr\/index.php\/contact\/#breadcrumb","itemListElement":[{"@type":"ListItem","position":1,"name":"Accueil","item":"https:\/\/bulin.fr\/"},{"@type":"ListItem","position":2,"name":"Contact"}]},{"@type":"WebSite","@id":"https:\/\/bulin.fr\/#website","url":"https:\/\/bulin.fr\/","name":"D\u00e9pannage Informatique en Meuse","description":"Bulin assistance informatique - T\u00e9l: 06 37 12 81 41","potentialAction":[{"@type":"SearchAction","target":{"@type":"EntryPoint","urlTemplate":"https:\/\/bulin.fr\/?s={search_term_string}"},"query-input":{"@type":"PropertyValueSpecification","valueRequired":true,"valueName":"search_term_string"}}],"inLanguage":"fr-FR"}]}},"_links":{"self":[{"href":"https:\/\/bulin.fr\/index.php\/wp-json\/wp\/v2\/pages\/176","targetHints":{"allow":["GET"]}}],"collection":[{"href":"https:\/\/bulin.fr\/index.php\/wp-json\/wp\/v2\/pages"}],"about":[{"href":"https:\/\/bulin.fr\/index.php\/wp-json\/wp\/v2\/types\/page"}],"author":[{"embeddable":true,"href":"https:\/\/bulin.fr\/index.php\/wp-json\/wp\/v2\/users\/1"}],"replies":[{"embeddable":true,"href":"https:\/\/bulin.fr\/index.php\/wp-json\/wp\/v2\/comments?post=176"}],"version-history":[{"count":19,"href":"https:\/\/bulin.fr\/index.php\/wp-json\/wp\/v2\/pages\/176\/revisions"}],"predecessor-version":[{"id":1101,"href":"https:\/\/bulin.fr\/index.php\/wp-json\/wp\/v2\/pages\/176\/revisions\/1101"}],"wp:attachment":[{"href":"https:\/\/bulin.fr\/index.php\/wp-json\/wp\/v2\/media?parent=176"}],"curies":[{"name":"wp","href":"https:\/\/api.w.org\/{rel}","templated":true}]}}