{"id":121,"date":"2017-06-25T23:35:13","date_gmt":"2017-06-25T21:35:13","guid":{"rendered":"http:\/\/bulin.fr\/?page_id=121"},"modified":"2023-04-07T17:32:43","modified_gmt":"2023-04-07T15:32:43","slug":"tarifs","status":"publish","type":"page","link":"https:\/\/bulin.fr\/index.php\/tarifs\/","title":{"rendered":"Tarifs"},"content":{"rendered":"<h1 style=\"text-align: center;\"><span style=\"text-decoration: underline; color: #000000;\"><strong>Formule<\/strong><strong>\u00a0<span style=\"text-decoration: underline; color: #3366ff;\">Direct+ <\/span><\/strong><strong>\u00e0 domicile<\/strong><\/span><\/h1>\n<p style=\"text-align: justify;\">La Formule Direct+ \u00a0vous permet d\u2019obtenir l\u2019intervention \u00e0 domicile, je viendrai d\u00e9panner votre ordinateur PC (suppression virus , base de registre, v\u00e9rification compl\u00e8te de votre syst\u00e8me), installation d\u2019un p\u00e9riph\u00e9rique (installation d\u2019une imprimante, scanner, webcam, etc\u2026). Ce type de formule est valable pour la plupart des petits probl\u00e8mes informatiques que vous rencontrez au quotidien mais que vous n\u2019arrivez pas \u00e0 r\u00e9parer seul.<\/p>\n<h4 style=\"text-align: center;\"><strong>Prix :<\/strong><strong>\u00a0<span style=\"color: #3366ff;\">50 \u20ac <\/span><\/strong><strong>\/ heure<\/strong><\/h4>\n<h1 style=\"text-align: center;\"><span style=\"text-decoration: underline; color: #000000;\"><strong>Formule<\/strong><strong>\u00a0<span style=\"text-decoration: underline; color: #3366ff;\">Retour Atelier<\/span><\/strong><\/span><\/h1>\n<p style=\"text-align: justify;\">Si l&rsquo;erreur est trop importante ou trop grave et n\u00e9cessite, de fait, une intervention plus complexe, je prendrai votre PC, et vous le restituerai dans les meilleurs d\u00e9lais, apr\u00e8s v\u00e9rification et validation de son bon fonctionnement.<br \/>\nJe vous propose \u00e9galement de r\u00e9organiser l&rsquo;installation de vos applications et le stockage de vos donn\u00e9es. Ces op\u00e9rations facilitent les sauvegardes \/ r\u00e9cup\u00e9rations des applications ainsi que des donn\u00e9es en cas de probl\u00e8me affectant votre \u00e9quipement informatique.<\/p>\n<h4 style=\"text-align: center;\"><strong>Prix :<\/strong><strong>\u00a0<span style=\"color: #3366ff;\">70 \u20ac <\/span><\/strong><strong>\/ forfait<\/strong><\/h4>\n<h1 style=\"text-align: center;\"><span style=\"color: #000000;\"><span style=\"text-decoration: underline;\"><strong><span style=\"color: #000000; text-decoration: underline;\">Formule <\/span><span style=\"color: #3366ff; text-decoration: underline;\">Installation Int\u00e9<\/span><\/strong><\/span><span style=\"color: #3366ff;\"><strong>g<\/strong><\/span><span style=\"text-decoration: underline;\"><strong><span style=\"color: #3366ff; text-decoration: underline;\">rale<\/span><span style=\"color: #000000; text-decoration: underline;\"> PC \/ MAC<\/span><\/strong><\/span><\/span><\/h1>\n<p style=\"text-align: justify;\">Retrouvez votre ordinateur comme neuf ! Formatage du disque dur avec sauvegarde de vos donn\u00e9es au pr\u00e9alable, installation ou r\u00e9installation de <strong>Windows<\/strong> (<em><strong>Seven, 8.1 et 10<\/strong><\/em>) et <strong>Mac OS<\/strong> (<em><strong>El Capitan, Sierra, High Sierra et Mojave<\/strong><\/em>), installation des drivers et enfin r\u00e9installation de vos logiciels puis transfert de vos donn\u00e9es sauvegard\u00e9es sur votre nouvelle configuration. Cette solution radicale est parfois n\u00e9cessaire lorsqu&rsquo;un ordinateur est trop infect\u00e9 par des virus ou tout simplement lorsque le syst\u00e8me est install\u00e9 depuis longtemps et que vous commencez \u00e0 constater des ralentissements souvent dus \u00e0 une certaine usure du syst\u00e8me d\u2019exploitation Windows install\u00e9 sur votre ordinateur.<\/p>\n<p style=\"text-align: center;\"><strong>(<span style=\"color: #ff0000;\">licence Windows originale obligatoire dans le choix d&rsquo;une installation Windows<\/span>)<\/strong><\/p>\n<h4 style=\"text-align: center;\"><strong>Prix : <span style=\"color: #3366ff;\">80 \u20ac<\/span> \/ forfait<\/strong><\/h4>\n<h1 style=\"text-align: center;\"><span style=\"text-decoration: underline; color: #000000;\"><strong>Formule<\/strong><strong>\u00a0<span style=\"text-decoration: underline; color: #3366ff;\">Connect+ <\/span><\/strong><strong>\u00e0 domicile<\/strong><\/span><\/h1>\n<p style=\"text-align: justify;\">Ce service comprend l\u2019installation de votre acc\u00e8s haut d\u00e9bit, de l\u2019offre la plus simple \u00e0 la plus compl\u00e8te : Internet, t\u00e9l\u00e9phone illimit\u00e9, t\u00e9l\u00e9vision. Si vous avez plusieurs ordinateurs je proc\u00e8de \u00e0 une mise en r\u00e9seau avec ou sans fil pour que toute votre famille puisse partager l\u2019acc\u00e8s Internet haut d\u00e9bit. Et j&rsquo;interviens quelque soit votre fournisseur d\u2019acc\u00e8s : Freebox, live box, neuf box &#8230;<\/p>\n<p><img loading=\"lazy\" decoding=\"async\" class=\"alignnone wp-image-1043\" src=\"https:\/\/bulin.fr\/wp-content\/uploads\/2023\/01\/745_view-e1674071735801.jpg\" alt=\"\" width=\"175\" height=\"175\" srcset=\"https:\/\/bulin.fr\/wp-content\/uploads\/2023\/01\/745_view-e1674071735801.jpg 225w, https:\/\/bulin.fr\/wp-content\/uploads\/2023\/01\/745_view-e1674071735801-150x150.jpg 150w, https:\/\/bulin.fr\/wp-content\/uploads\/2023\/01\/745_view-e1674071735801-80x80.jpg 80w\" sizes=\"auto, (max-width: 175px) 100vw, 175px\" \/><img loading=\"lazy\" decoding=\"async\" class=\"alignnone wp-image-1042\" style=\"font-size: revert; color: initial;\" src=\"https:\/\/bulin.fr\/wp-content\/uploads\/2023\/01\/free-iliad-icon-e1674071747644.jpg\" alt=\"\" width=\"175\" height=\"175\" srcset=\"https:\/\/bulin.fr\/wp-content\/uploads\/2023\/01\/free-iliad-icon-e1674071747644.jpg 225w, https:\/\/bulin.fr\/wp-content\/uploads\/2023\/01\/free-iliad-icon-e1674071747644-150x150.jpg 150w, https:\/\/bulin.fr\/wp-content\/uploads\/2023\/01\/free-iliad-icon-e1674071747644-80x80.jpg 80w\" sizes=\"auto, (max-width: 175px) 100vw, 175px\" \/> <img loading=\"lazy\" decoding=\"async\" class=\"alignnone wp-image-1045\" style=\"font-size: revert; color: initial;\" src=\"https:\/\/bulin.fr\/wp-content\/uploads\/2023\/01\/download-3-e1674071710223.png\" alt=\"\" width=\"175\" height=\"175\" srcset=\"https:\/\/bulin.fr\/wp-content\/uploads\/2023\/01\/download-3-e1674071710223.png 225w, https:\/\/bulin.fr\/wp-content\/uploads\/2023\/01\/download-3-e1674071710223-150x150.png 150w, https:\/\/bulin.fr\/wp-content\/uploads\/2023\/01\/download-3-e1674071710223-80x80.png 80w\" sizes=\"auto, (max-width: 175px) 100vw, 175px\" \/><img loading=\"lazy\" decoding=\"async\" class=\"alignnone wp-image-1060 size-full\" src=\"https:\/\/bulin.fr\/wp-content\/uploads\/2023\/01\/logo-sfr-6-e1674072254691.png\" alt=\"\" width=\"175\" height=\"175\" srcset=\"https:\/\/bulin.fr\/wp-content\/uploads\/2023\/01\/logo-sfr-6-e1674072254691.png 175w, https:\/\/bulin.fr\/wp-content\/uploads\/2023\/01\/logo-sfr-6-e1674072254691-150x150.png 150w, https:\/\/bulin.fr\/wp-content\/uploads\/2023\/01\/logo-sfr-6-e1674072254691-80x80.png 80w\" sizes=\"auto, (max-width: 175px) 100vw, 175px\" \/><\/p>\n<h4 style=\"text-align: center;\"><strong>Prix : <span style=\"color: #3366ff;\">50 \u20ac<\/span> \/ forfait<\/strong><\/h4>\n<p style=\"text-align: center;\"><strong>(Ce forfait comprend l\u2019installation Internet + TV + T\u00e9l\u00e9phone, le tout cl\u00e9 en main)<\/strong><\/p>\n<h1 style=\"text-align: center;\"><span style=\"text-decoration: underline; color: #000000;\"><strong>Formule<\/strong><strong>\u00a0<span style=\"color: #3366ff; text-decoration: underline;\">Formation informati<\/span><\/strong><\/span><span style=\"color: #000000;\"><span style=\"color: #3366ff;\"><strong>q<\/strong><\/span><span style=\"color: #3366ff; text-decoration: underline;\"><strong>ue<\/strong><\/span><\/span><\/h1>\n<p style=\"text-align: justify;\">Vous souhaitez utiliser de mani\u00e8re optimale votre ordinateur en r\u00e9alisant les t\u00e2ches les plus courantes.<\/p>\n<p style=\"text-align: justify;\">Je vous propose une\u00a0<strong>formation informatique<\/strong> personnalis\u00e9e de\u00a0<strong>1 Heure 30<\/strong>. L&rsquo;objectif \u00e9tant de mieux ma\u00eetriser l&rsquo;utilisation de votre ordinateur.<\/p>\n<p><strong>Je vous propose diff\u00e9rents types de formation informatique<\/strong> <strong>:<\/strong><\/p>\n<p><strong>Formation Internet<\/strong><br \/>\n&#8211; Installer la connexion d&rsquo;un fournisseur d&rsquo;acc\u00e8s Internet<br \/>\n&#8211; Cr\u00e9er votre messagerie Internet et apprendre \u00e0 l\u2019utiliser<br \/>\n&#8211; Naviguer et rechercher sur Internet pour aller o\u00f9 vous voulez en un instant.<\/p>\n<p><strong>Formation appareil num\u00e9rique<\/strong><br \/>\n&#8211; Installer et configurer votre appareil photo num\u00e9rique<br \/>\n&#8211; Transf\u00e9rer, retoucher et graver vos photos sur CD-ROM<\/p>\n<p><strong>Formation g\u00e9n\u00e9rale<\/strong><br \/>\n&#8211; Utiliser un clavier et une souris<br \/>\n&#8211; R\u00e9diger et imprimer un document Word<br \/>\n&#8211; Retoucher une image<br \/>\n&#8211; T\u00e9l\u00e9charger de la musique MP3 et l&rsquo;\u00e9couter avec iTunes<br \/>\n&#8211; Compresser un fichier avec Winzip et l\u2019envoyer par email<br \/>\n&#8211; Installer et\/ou d\u00e9sinstaller des logiciels<br \/>\n&#8211; Utiliser un graveur<br \/>\n&#8211; Utiliser un scanner<\/p>\n<h4 style=\"text-align: center;\"><strong>Prix :<\/strong><strong>\u00a0<span style=\"color: #3366ff;\">80 \u20ac <\/span><\/strong><strong>\/ forfait<\/strong><\/h4>\n<h1 style=\"text-align: center;\"><span style=\"color: #000000;\"><span style=\"text-decoration: underline;\"><span style=\"color: #000000; text-decoration: underline;\"><strong><span style=\"color: #000000; text-decoration: underline;\">Formule<\/span> <\/strong><\/span><span style=\"color: #3366ff; text-decoration: underline;\"><strong>Cr\u00e9ation de Site et Blo<\/strong><\/span><\/span><span style=\"color: #3366ff;\"><strong>g<\/strong><\/span><\/span><\/h1>\n<p style=\"text-align: justify;\">Peu importe votre activit\u00e9, association, auto entrepreneur, artisan, nous cr\u00e9ons pour vous un site avec un graphisme en rapport avec votre activit\u00e9 et qui refl\u00e8te votre image. En plus avec vous, nous d\u00e9finirons une strat\u00e9gie de r\u00e9f\u00e9rencement afin de vous ramener le maximum de visiteurs. Demandez nous un devis. Quelques exemples :<\/p>\n<p style=\"text-align: center;\"><strong><a href=\"https:\/\/larmureriebarisienne.fr\" target=\"_blank\" rel=\"noopener noreferrer\">www.larmureriebarisienne.fr<\/a><\/strong><\/p>\n<p style=\"text-align: center;\"><strong><a href=\"https:\/\/bistrostjean.fr\" target=\"_blank\" rel=\"noopener noreferrer\">www.bistrostjean.fr<\/a><\/strong><\/p>\n<p style=\"text-align: center;\"><strong><a href=\"https:\/\/paradisdesanges.fr\" target=\"_blank\" rel=\"noopener noreferrer\">www.paradisdesanges.fr<\/a><\/strong><\/p>\n<p style=\"text-align: center;\"><strong><a href=\"https:\/\/locatable55.fr\/\" target=\"_blank\" rel=\"noopener\">www.locatable55.fr<\/a><\/strong><\/p>\n<h4 style=\"text-align: center;\"><strong>Prix :\u00a0<span style=\"color: #3366ff;\">Sur devis<\/span> \/ cahier des charges<\/strong><\/h4>\n<h1 style=\"text-align: center;\"><span style=\"color: #000000;\"><span style=\"text-decoration: underline;\"><span style=\"color: #000000; text-decoration: underline;\"><strong><span style=\"color: #000000; text-decoration: underline;\">Formule<\/span> <\/strong><\/span><span style=\"color: #3366ff; text-decoration: underline;\"><strong>Maintenance informati<\/strong><\/span><\/span><span style=\"color: #3366ff;\"><strong>q<\/strong><\/span><span style=\"text-decoration: underline;\"><span style=\"color: #3366ff; text-decoration: underline;\"><strong>ue<\/strong><\/span><\/span><\/span><\/h1>\n<p style=\"text-align: justify;\">La maintenance informatique est un enjeu essentiel pour une entreprise. Elle permet de se prot\u00e9ger contre tout risque possible et s\u2019assurer qu\u2019aucun dysfonctionnement ne puisse g\u00eaner l\u2019activit\u00e9 de l\u2019entreprise. Une maintenance efficace du parc informatique garantit d\u2019\u00eatre \u00e0 jour dans la gestion du r\u00e9seau et dans la qualit\u00e9 de sa r\u00e9alisation.<br \/>\nEn effet, un r\u00e9seau \u00e9volue r\u00e9guli\u00e8rement au fur et \u00e0 mesure que l\u2019entreprise elle-m\u00eame \u00e9volue. De ce fait, la maintenance informatique repr\u00e9sente toutes les t\u00e2ches n\u00e9cessaires au bon fonctionnement des syst\u00e8mes informatiques.<\/p>\n<p style=\"text-align: justify;\" align=\"JUSTIFY\"><strong>Notre accompagnement sur vos probl\u00e9matiques de maintenance informatique<\/strong><\/p>\n<p style=\"text-align: justify;\">Celui-ci regroupe un <strong>grand nombre d\u2019actions diff\u00e9rentes<\/strong> telles que le d\u00e9pannage et la r\u00e9paration, le contr\u00f4le r\u00e9gulier des infrastructures informatiques, la mise \u00e0 jour de logiciels ou encore la sauvegarde des donn\u00e9es.<\/p>\n<p>Les trois types de maintenance informatique suivants\u00a0:<\/p>\n<ul>\n<li>La <strong>maintenance pr\u00e9ventive<\/strong> qui permet l\u2019entretien du parc informatique et ainsi anticiper tout probl\u00e8me pouvant nuire \u00e0 l\u2019activit\u00e9 de l\u2019entreprise.<\/li>\n<li>La <strong>maintenance \u00e9volutive<\/strong>\u00a0qui consiste \u00e0 veiller \u00e0 la mise \u00e0 jour du mat\u00e9riel et des logiciels informatiques.<\/li>\n<li>La <strong>maintenance curative <\/strong>qui permet\u00a0la correction ou la r\u00e9paration de tout dysfonctionnement.<\/li>\n<\/ul>\n<div>\n<p style=\"text-align: justify;\"><strong>Une assistance rapide et efficace<\/strong><br \/>\nDans le cadre de notre service d\u2019assistance, nous pouvons intervenir aussi bien sur site, en atelier, par t\u00e9l\u00e9maintenance.<\/p>\n<\/div>\n<h4 style=\"text-align: center;\"><strong>Prix :\u00a0<span style=\"color: #3366ff;\">Sur devis<\/span> \/ forfait annuel<\/strong><\/h4>\n<p style=\"text-align: justify;\"><strong>J&rsquo;ai con\u00e7u ces formules dans le but de vous simplifier l\u2019informatique. En effet, avec ces formules, la plupart de vos probl\u00e8mes informatiques sont r\u00e9solus rapidement \u00e0 domicile ou en atelier et vous pouvez recommencer \u00e0 profiter pleinement de votre ordinateur !<\/strong><\/p>\n<ul>\n<li><span style=\"color: #ff0000;\"><strong>Tant que le probl\u00e8me signal\u00e9 n&rsquo;est pas r\u00e9solu, il n&rsquo;y a rien \u00e0 payer<\/strong><\/span><strong style=\"color: #ff0000;\">\u00a0 (ni l&rsquo;intervention, ni le d\u00e9placement).<\/strong><\/li>\n<li><span style=\"color: #ff0000;\"><strong>Les tarifs comprennent la prestation et le d\u00e9placement.<\/strong><\/span><\/li>\n<li><span style=\"color: #ff0000;\"><strong>Ils sont annonc\u00e9s avant la planification de l\u2019intervention.<\/strong><\/span><\/li>\n<li><span style=\"color: #ff0000;\"><strong>Ils sont factur\u00e9s \u00e0 la fin de celle-ci.<\/strong><\/span><\/li>\n<li><span style=\"color: #ff0000;\"><strong>Pi\u00e8ces d\u00e9tach\u00e9es en sus si n\u00e9cessaire.<\/strong><\/span><\/li>\n<\/ul>\n<pre><strong>Soci\u00e9t\u00e9 de d\u00e9pannage, assistance et de la maintenance informatique \u00e0 domicile \n\u00e0 votre service en Meuse(55). Situ\u00e9 \u00e0 Bar le duc. T\u00e9l: 06 37 12 81 41<\/strong><\/pre>\n","protected":false},"excerpt":{"rendered":"<p>Formule\u00a0Direct+ \u00e0 domicile La Formule Direct+ \u00a0vous permet d\u2019obtenir l\u2019intervention \u00e0 domicile, je viendrai d\u00e9panner votre ordinateur PC (suppression virus , base de registre, v\u00e9rification compl\u00e8te de votre syst\u00e8me), installation d\u2019un p\u00e9riph\u00e9rique (installation d\u2019une&#46;&#46;&#46;<\/p>\n","protected":false},"author":1,"featured_media":0,"parent":0,"menu_order":0,"comment_status":"closed","ping_status":"closed","template":"","meta":{"footnotes":""},"class_list":["post-121","page","type-page","status-publish","hentry"],"yoast_head":"<!-- This site is optimized with the Yoast SEO plugin v27.5 - https:\/\/yoast.com\/product\/yoast-seo-wordpress\/ -->\n<title>Tarifs - D\u00e9pannage Informatique en Meuse<\/title>\n<meta name=\"description\" content=\"Formules dans le but de vous simplifier l\u2019informatique. La plupart de vos probl\u00e8mes informatiques sont r\u00e9solus rapidement \u00e0 domicile ou en atelier. Tarifs:\" \/>\n<meta name=\"robots\" content=\"index, follow, max-snippet:-1, max-image-preview:large, max-video-preview:-1\" \/>\n<link rel=\"canonical\" href=\"https:\/\/bulin.fr\/index.php\/tarifs\/\" \/>\n<meta property=\"og:locale\" content=\"fr_FR\" \/>\n<meta property=\"og:type\" content=\"article\" \/>\n<meta property=\"og:title\" content=\"Tarifs - D\u00e9pannage Informatique en Meuse\" \/>\n<meta property=\"og:description\" content=\"Formules dans le but de vous simplifier l\u2019informatique. La plupart de vos probl\u00e8mes informatiques sont r\u00e9solus rapidement \u00e0 domicile ou en atelier. Tarifs:\" \/>\n<meta property=\"og:url\" content=\"https:\/\/bulin.fr\/index.php\/tarifs\/\" \/>\n<meta property=\"og:site_name\" content=\"D\u00e9pannage Informatique en Meuse\" \/>\n<meta property=\"article:modified_time\" content=\"2023-04-07T15:32:43+00:00\" \/>\n<meta property=\"og:image\" content=\"https:\/\/bulin.fr\/wp-content\/uploads\/2023\/01\/745_view-e1674071735801.jpg\" \/>\n<meta name=\"twitter:card\" content=\"summary_large_image\" \/>\n<meta name=\"twitter:label1\" content=\"Dur\u00e9e de lecture estim\u00e9e\" \/>\n\t<meta name=\"twitter:data1\" content=\"6 minutes\" \/>\n<script type=\"application\/ld+json\" class=\"yoast-schema-graph\">{\"@context\":\"https:\\\/\\\/schema.org\",\"@graph\":[{\"@type\":\"WebPage\",\"@id\":\"https:\\\/\\\/bulin.fr\\\/index.php\\\/tarifs\\\/\",\"url\":\"https:\\\/\\\/bulin.fr\\\/index.php\\\/tarifs\\\/\",\"name\":\"Tarifs - D\u00e9pannage Informatique en Meuse\",\"isPartOf\":{\"@id\":\"https:\\\/\\\/bulin.fr\\\/#website\"},\"primaryImageOfPage\":{\"@id\":\"https:\\\/\\\/bulin.fr\\\/index.php\\\/tarifs\\\/#primaryimage\"},\"image\":{\"@id\":\"https:\\\/\\\/bulin.fr\\\/index.php\\\/tarifs\\\/#primaryimage\"},\"thumbnailUrl\":\"https:\\\/\\\/bulin.fr\\\/wp-content\\\/uploads\\\/2023\\\/01\\\/745_view-e1674071735801.jpg\",\"datePublished\":\"2017-06-25T21:35:13+00:00\",\"dateModified\":\"2023-04-07T15:32:43+00:00\",\"description\":\"Formules dans le but de vous simplifier l\u2019informatique. La plupart de vos probl\u00e8mes informatiques sont r\u00e9solus rapidement \u00e0 domicile ou en atelier. Tarifs:\",\"breadcrumb\":{\"@id\":\"https:\\\/\\\/bulin.fr\\\/index.php\\\/tarifs\\\/#breadcrumb\"},\"inLanguage\":\"fr-FR\",\"potentialAction\":[{\"@type\":\"ReadAction\",\"target\":[\"https:\\\/\\\/bulin.fr\\\/index.php\\\/tarifs\\\/\"]}]},{\"@type\":\"ImageObject\",\"inLanguage\":\"fr-FR\",\"@id\":\"https:\\\/\\\/bulin.fr\\\/index.php\\\/tarifs\\\/#primaryimage\",\"url\":\"https:\\\/\\\/bulin.fr\\\/wp-content\\\/uploads\\\/2023\\\/01\\\/745_view-e1674071735801.jpg\",\"contentUrl\":\"https:\\\/\\\/bulin.fr\\\/wp-content\\\/uploads\\\/2023\\\/01\\\/745_view-e1674071735801.jpg\",\"width\":225,\"height\":225},{\"@type\":\"BreadcrumbList\",\"@id\":\"https:\\\/\\\/bulin.fr\\\/index.php\\\/tarifs\\\/#breadcrumb\",\"itemListElement\":[{\"@type\":\"ListItem\",\"position\":1,\"name\":\"Accueil\",\"item\":\"https:\\\/\\\/bulin.fr\\\/\"},{\"@type\":\"ListItem\",\"position\":2,\"name\":\"Tarifs\"}]},{\"@type\":\"WebSite\",\"@id\":\"https:\\\/\\\/bulin.fr\\\/#website\",\"url\":\"https:\\\/\\\/bulin.fr\\\/\",\"name\":\"D\u00e9pannage Informatique en Meuse\",\"description\":\"Bulin assistance informatique - T\u00e9l: 06 37 12 81 41\",\"potentialAction\":[{\"@type\":\"SearchAction\",\"target\":{\"@type\":\"EntryPoint\",\"urlTemplate\":\"https:\\\/\\\/bulin.fr\\\/?s={search_term_string}\"},\"query-input\":{\"@type\":\"PropertyValueSpecification\",\"valueRequired\":true,\"valueName\":\"search_term_string\"}}],\"inLanguage\":\"fr-FR\"}]}<\/script>\n<!-- \/ Yoast SEO plugin. -->","yoast_head_json":{"title":"Tarifs - D\u00e9pannage Informatique en Meuse","description":"Formules dans le but de vous simplifier l\u2019informatique. La plupart de vos probl\u00e8mes informatiques sont r\u00e9solus rapidement \u00e0 domicile ou en atelier. Tarifs:","robots":{"index":"index","follow":"follow","max-snippet":"max-snippet:-1","max-image-preview":"max-image-preview:large","max-video-preview":"max-video-preview:-1"},"canonical":"https:\/\/bulin.fr\/index.php\/tarifs\/","og_locale":"fr_FR","og_type":"article","og_title":"Tarifs - D\u00e9pannage Informatique en Meuse","og_description":"Formules dans le but de vous simplifier l\u2019informatique. La plupart de vos probl\u00e8mes informatiques sont r\u00e9solus rapidement \u00e0 domicile ou en atelier. Tarifs:","og_url":"https:\/\/bulin.fr\/index.php\/tarifs\/","og_site_name":"D\u00e9pannage Informatique en Meuse","article_modified_time":"2023-04-07T15:32:43+00:00","og_image":[{"url":"https:\/\/bulin.fr\/wp-content\/uploads\/2023\/01\/745_view-e1674071735801.jpg","type":"","width":"","height":""}],"twitter_card":"summary_large_image","twitter_misc":{"Dur\u00e9e de lecture estim\u00e9e":"6 minutes"},"schema":{"@context":"https:\/\/schema.org","@graph":[{"@type":"WebPage","@id":"https:\/\/bulin.fr\/index.php\/tarifs\/","url":"https:\/\/bulin.fr\/index.php\/tarifs\/","name":"Tarifs - D\u00e9pannage Informatique en Meuse","isPartOf":{"@id":"https:\/\/bulin.fr\/#website"},"primaryImageOfPage":{"@id":"https:\/\/bulin.fr\/index.php\/tarifs\/#primaryimage"},"image":{"@id":"https:\/\/bulin.fr\/index.php\/tarifs\/#primaryimage"},"thumbnailUrl":"https:\/\/bulin.fr\/wp-content\/uploads\/2023\/01\/745_view-e1674071735801.jpg","datePublished":"2017-06-25T21:35:13+00:00","dateModified":"2023-04-07T15:32:43+00:00","description":"Formules dans le but de vous simplifier l\u2019informatique. La plupart de vos probl\u00e8mes informatiques sont r\u00e9solus rapidement \u00e0 domicile ou en atelier. Tarifs:","breadcrumb":{"@id":"https:\/\/bulin.fr\/index.php\/tarifs\/#breadcrumb"},"inLanguage":"fr-FR","potentialAction":[{"@type":"ReadAction","target":["https:\/\/bulin.fr\/index.php\/tarifs\/"]}]},{"@type":"ImageObject","inLanguage":"fr-FR","@id":"https:\/\/bulin.fr\/index.php\/tarifs\/#primaryimage","url":"https:\/\/bulin.fr\/wp-content\/uploads\/2023\/01\/745_view-e1674071735801.jpg","contentUrl":"https:\/\/bulin.fr\/wp-content\/uploads\/2023\/01\/745_view-e1674071735801.jpg","width":225,"height":225},{"@type":"BreadcrumbList","@id":"https:\/\/bulin.fr\/index.php\/tarifs\/#breadcrumb","itemListElement":[{"@type":"ListItem","position":1,"name":"Accueil","item":"https:\/\/bulin.fr\/"},{"@type":"ListItem","position":2,"name":"Tarifs"}]},{"@type":"WebSite","@id":"https:\/\/bulin.fr\/#website","url":"https:\/\/bulin.fr\/","name":"D\u00e9pannage Informatique en Meuse","description":"Bulin assistance informatique - T\u00e9l: 06 37 12 81 41","potentialAction":[{"@type":"SearchAction","target":{"@type":"EntryPoint","urlTemplate":"https:\/\/bulin.fr\/?s={search_term_string}"},"query-input":{"@type":"PropertyValueSpecification","valueRequired":true,"valueName":"search_term_string"}}],"inLanguage":"fr-FR"}]}},"_links":{"self":[{"href":"https:\/\/bulin.fr\/index.php\/wp-json\/wp\/v2\/pages\/121","targetHints":{"allow":["GET"]}}],"collection":[{"href":"https:\/\/bulin.fr\/index.php\/wp-json\/wp\/v2\/pages"}],"about":[{"href":"https:\/\/bulin.fr\/index.php\/wp-json\/wp\/v2\/types\/page"}],"author":[{"embeddable":true,"href":"https:\/\/bulin.fr\/index.php\/wp-json\/wp\/v2\/users\/1"}],"replies":[{"embeddable":true,"href":"https:\/\/bulin.fr\/index.php\/wp-json\/wp\/v2\/comments?post=121"}],"version-history":[{"count":90,"href":"https:\/\/bulin.fr\/index.php\/wp-json\/wp\/v2\/pages\/121\/revisions"}],"predecessor-version":[{"id":1072,"href":"https:\/\/bulin.fr\/index.php\/wp-json\/wp\/v2\/pages\/121\/revisions\/1072"}],"wp:attachment":[{"href":"https:\/\/bulin.fr\/index.php\/wp-json\/wp\/v2\/media?parent=121"}],"curies":[{"name":"wp","href":"https:\/\/api.w.org\/{rel}","templated":true}]}}