{"id":112,"date":"2017-06-25T23:30:13","date_gmt":"2017-06-25T21:30:13","guid":{"rendered":"http:\/\/bulin.fr\/?page_id=112"},"modified":"2019-04-24T00:08:00","modified_gmt":"2019-04-23T22:08:00","slug":"installation","status":"publish","type":"page","link":"https:\/\/bulin.fr\/index.php\/installation\/","title":{"rendered":"Installation"},"content":{"rendered":"<h1><strong>Installation :<\/strong><strong>\u00a0<span style=\"color: #3366ff;\">Internet \u00e0 Domicile<\/span>.<\/strong><\/h1>\n<p style=\"text-align: justify;\">Une\u00a0installation internet parfaitement r\u00e9ussie n\u2019est pas toujours chose facile, voila pourquoi j&rsquo;ai cr\u00e9e un forfait simple et pas cher pour vous faire b\u00e9n\u00e9ficier d\u2019une installation de votre connexion \u00e0 domicile.<\/p>\n<p style=\"text-align: justify;\">Les kits de connexion vendus aujourd\u2019hui par la plupart des fournisseurs d\u2019acc\u00e8s sont souvent difficiles \u00e0 installer pour le n\u00e9ophyte en la mati\u00e8re.<\/p>\n<p style=\"text-align: justify;\">Configurer l\u2019acc\u00e8s \u00e0 internet, installer le service de t\u00e9l\u00e9phonie compris dans la plupart des offres ainsi que raccorder la t\u00e9l\u00e9vision \u00e0 la box sont autant de services qui demandent un certain savoir-faire pour fonctionner correctement.<\/p>\n<p style=\"text-align: justify;\"><span style=\"color: #3366ff;\"><strong>Confiez-moi votre installation internet et choisissez la tranquillit\u00e9 !<\/strong><\/span><\/p>\n<h1><strong>Installation :<\/strong><strong>\u00a0<span style=\"color: #3366ff;\">Mat\u00e9riel informatique \u00e0 domicile<\/span>.<\/strong><\/h1>\n<p style=\"text-align: justify;\">Suite \u00e0 l&rsquo;achat de composants internes pour votre\u00a0ordinateur PC comme la\u00a0m\u00e9moire vive (ram), une\u00a0carte vid\u00e9o (AGP, PCI-E), une\u00a0carte WIFI (PCI), un nouveau\u00a0disque dur (IDE \/ S-ATA \/ SSD) et toutes autres tierces parties \u00e0 incorporer dans votre\u00a0ordinateur PC, je suis \u00e0 votre disposition pour effectuer\u00a0le montage du mat\u00e9riel informatique et le\u00a0param\u00e9trage informatique rigoureux dans le syst\u00e8me Windows\u00a9 de votre nouveau mat\u00e9riel.<\/p>\n<p style=\"text-align: justify;\"><strong><span style=\"color: #3366ff;\">J&rsquo;interviens rapidement pour r\u00e9aliser votre montage de mat\u00e9riel informatique \u00e0 domicile<\/span>.<\/strong><\/p>\n<pre><strong>Soci\u00e9t\u00e9 de d\u00e9pannage, assistance et de la maintenance informatique \u00e0 domicile \n\u00e0 votre service en Meuse(55). Situ\u00e9 \u00e0 Bar le duc. T\u00e9l: 06 37 12 81 41<\/strong><\/pre>\n","protected":false},"excerpt":{"rendered":"<p>Installation :\u00a0Internet \u00e0 Domicile. Une\u00a0installation internet parfaitement r\u00e9ussie n\u2019est pas toujours chose facile, voila pourquoi j&rsquo;ai cr\u00e9e un forfait simple et pas cher pour vous faire b\u00e9n\u00e9ficier d\u2019une installation de votre connexion \u00e0 domicile.&#46;&#46;&#46;<\/p>\n","protected":false},"author":1,"featured_media":0,"parent":0,"menu_order":0,"comment_status":"closed","ping_status":"closed","template":"","meta":{"footnotes":""},"class_list":["post-112","page","type-page","status-publish","hentry"],"yoast_head":"<!-- This site is optimized with the Yoast SEO plugin v27.5 - https:\/\/yoast.com\/product\/yoast-seo-wordpress\/ -->\n<title>Installation - D\u00e9pannage Informatique en Meuse<\/title>\n<meta name=\"description\" content=\"Une\u00a0installation internet parfaitement r\u00e9ussie. Ordinateur PC, montage du mat\u00e9riel informatique et le\u00a0param\u00e9trage informatique\" \/>\n<meta name=\"robots\" content=\"index, follow, max-snippet:-1, max-image-preview:large, max-video-preview:-1\" \/>\n<link rel=\"canonical\" href=\"https:\/\/bulin.fr\/index.php\/installation\/\" \/>\n<meta property=\"og:locale\" content=\"fr_FR\" \/>\n<meta property=\"og:type\" content=\"article\" \/>\n<meta property=\"og:title\" content=\"Installation - D\u00e9pannage Informatique en Meuse\" \/>\n<meta property=\"og:description\" content=\"Une\u00a0installation internet parfaitement r\u00e9ussie. Ordinateur PC, montage du mat\u00e9riel informatique et le\u00a0param\u00e9trage informatique\" \/>\n<meta property=\"og:url\" content=\"https:\/\/bulin.fr\/index.php\/installation\/\" \/>\n<meta property=\"og:site_name\" content=\"D\u00e9pannage Informatique en Meuse\" \/>\n<meta property=\"article:modified_time\" content=\"2019-04-23T22:08:00+00:00\" \/>\n<meta name=\"twitter:card\" content=\"summary_large_image\" \/>\n<meta name=\"twitter:label1\" content=\"Dur\u00e9e de lecture estim\u00e9e\" \/>\n\t<meta name=\"twitter:data1\" content=\"1 minute\" \/>\n<script type=\"application\/ld+json\" class=\"yoast-schema-graph\">{\"@context\":\"https:\\\/\\\/schema.org\",\"@graph\":[{\"@type\":\"WebPage\",\"@id\":\"https:\\\/\\\/bulin.fr\\\/index.php\\\/installation\\\/\",\"url\":\"https:\\\/\\\/bulin.fr\\\/index.php\\\/installation\\\/\",\"name\":\"Installation - D\u00e9pannage Informatique en Meuse\",\"isPartOf\":{\"@id\":\"https:\\\/\\\/bulin.fr\\\/#website\"},\"datePublished\":\"2017-06-25T21:30:13+00:00\",\"dateModified\":\"2019-04-23T22:08:00+00:00\",\"description\":\"Une\u00a0installation internet parfaitement r\u00e9ussie. Ordinateur PC, montage du mat\u00e9riel informatique et le\u00a0param\u00e9trage informatique\",\"breadcrumb\":{\"@id\":\"https:\\\/\\\/bulin.fr\\\/index.php\\\/installation\\\/#breadcrumb\"},\"inLanguage\":\"fr-FR\",\"potentialAction\":[{\"@type\":\"ReadAction\",\"target\":[\"https:\\\/\\\/bulin.fr\\\/index.php\\\/installation\\\/\"]}]},{\"@type\":\"BreadcrumbList\",\"@id\":\"https:\\\/\\\/bulin.fr\\\/index.php\\\/installation\\\/#breadcrumb\",\"itemListElement\":[{\"@type\":\"ListItem\",\"position\":1,\"name\":\"Accueil\",\"item\":\"https:\\\/\\\/bulin.fr\\\/\"},{\"@type\":\"ListItem\",\"position\":2,\"name\":\"Installation\"}]},{\"@type\":\"WebSite\",\"@id\":\"https:\\\/\\\/bulin.fr\\\/#website\",\"url\":\"https:\\\/\\\/bulin.fr\\\/\",\"name\":\"D\u00e9pannage Informatique en Meuse\",\"description\":\"Bulin assistance informatique - T\u00e9l: 06 37 12 81 41\",\"potentialAction\":[{\"@type\":\"SearchAction\",\"target\":{\"@type\":\"EntryPoint\",\"urlTemplate\":\"https:\\\/\\\/bulin.fr\\\/?s={search_term_string}\"},\"query-input\":{\"@type\":\"PropertyValueSpecification\",\"valueRequired\":true,\"valueName\":\"search_term_string\"}}],\"inLanguage\":\"fr-FR\"}]}<\/script>\n<!-- \/ Yoast SEO plugin. -->","yoast_head_json":{"title":"Installation - D\u00e9pannage Informatique en Meuse","description":"Une\u00a0installation internet parfaitement r\u00e9ussie. Ordinateur PC, montage du mat\u00e9riel informatique et le\u00a0param\u00e9trage informatique","robots":{"index":"index","follow":"follow","max-snippet":"max-snippet:-1","max-image-preview":"max-image-preview:large","max-video-preview":"max-video-preview:-1"},"canonical":"https:\/\/bulin.fr\/index.php\/installation\/","og_locale":"fr_FR","og_type":"article","og_title":"Installation - D\u00e9pannage Informatique en Meuse","og_description":"Une\u00a0installation internet parfaitement r\u00e9ussie. Ordinateur PC, montage du mat\u00e9riel informatique et le\u00a0param\u00e9trage informatique","og_url":"https:\/\/bulin.fr\/index.php\/installation\/","og_site_name":"D\u00e9pannage Informatique en Meuse","article_modified_time":"2019-04-23T22:08:00+00:00","twitter_card":"summary_large_image","twitter_misc":{"Dur\u00e9e de lecture estim\u00e9e":"1 minute"},"schema":{"@context":"https:\/\/schema.org","@graph":[{"@type":"WebPage","@id":"https:\/\/bulin.fr\/index.php\/installation\/","url":"https:\/\/bulin.fr\/index.php\/installation\/","name":"Installation - D\u00e9pannage Informatique en Meuse","isPartOf":{"@id":"https:\/\/bulin.fr\/#website"},"datePublished":"2017-06-25T21:30:13+00:00","dateModified":"2019-04-23T22:08:00+00:00","description":"Une\u00a0installation internet parfaitement r\u00e9ussie. Ordinateur PC, montage du mat\u00e9riel informatique et le\u00a0param\u00e9trage informatique","breadcrumb":{"@id":"https:\/\/bulin.fr\/index.php\/installation\/#breadcrumb"},"inLanguage":"fr-FR","potentialAction":[{"@type":"ReadAction","target":["https:\/\/bulin.fr\/index.php\/installation\/"]}]},{"@type":"BreadcrumbList","@id":"https:\/\/bulin.fr\/index.php\/installation\/#breadcrumb","itemListElement":[{"@type":"ListItem","position":1,"name":"Accueil","item":"https:\/\/bulin.fr\/"},{"@type":"ListItem","position":2,"name":"Installation"}]},{"@type":"WebSite","@id":"https:\/\/bulin.fr\/#website","url":"https:\/\/bulin.fr\/","name":"D\u00e9pannage Informatique en Meuse","description":"Bulin assistance informatique - T\u00e9l: 06 37 12 81 41","potentialAction":[{"@type":"SearchAction","target":{"@type":"EntryPoint","urlTemplate":"https:\/\/bulin.fr\/?s={search_term_string}"},"query-input":{"@type":"PropertyValueSpecification","valueRequired":true,"valueName":"search_term_string"}}],"inLanguage":"fr-FR"}]}},"_links":{"self":[{"href":"https:\/\/bulin.fr\/index.php\/wp-json\/wp\/v2\/pages\/112","targetHints":{"allow":["GET"]}}],"collection":[{"href":"https:\/\/bulin.fr\/index.php\/wp-json\/wp\/v2\/pages"}],"about":[{"href":"https:\/\/bulin.fr\/index.php\/wp-json\/wp\/v2\/types\/page"}],"author":[{"embeddable":true,"href":"https:\/\/bulin.fr\/index.php\/wp-json\/wp\/v2\/users\/1"}],"replies":[{"embeddable":true,"href":"https:\/\/bulin.fr\/index.php\/wp-json\/wp\/v2\/comments?post=112"}],"version-history":[{"count":7,"href":"https:\/\/bulin.fr\/index.php\/wp-json\/wp\/v2\/pages\/112\/revisions"}],"predecessor-version":[{"id":1017,"href":"https:\/\/bulin.fr\/index.php\/wp-json\/wp\/v2\/pages\/112\/revisions\/1017"}],"wp:attachment":[{"href":"https:\/\/bulin.fr\/index.php\/wp-json\/wp\/v2\/media?parent=112"}],"curies":[{"name":"wp","href":"https:\/\/api.w.org\/{rel}","templated":true}]}}