{"id":104,"date":"2017-06-25T23:20:48","date_gmt":"2017-06-25T21:20:48","guid":{"rendered":"http:\/\/bulin.fr\/?page_id=104"},"modified":"2019-04-24T00:06:16","modified_gmt":"2019-04-23T22:06:16","slug":"depannage-informatique","status":"publish","type":"page","link":"https:\/\/bulin.fr\/index.php\/depannage-informatique\/","title":{"rendered":"D\u00e9pannage"},"content":{"rendered":"<p style=\"text-align: justify;\">Je vous propose mes prestations de d\u00e9pannage dans 2 domaines diff\u00e9rents, le d\u00e9pannage de votre mat\u00e9riel informatique (ordinateur, imprimantes, autres p\u00e9riph\u00e9riques\u2026) ou bien le d\u00e9pannage de votre connexion internet et les services associ\u00e9s (TV, T\u00e9l\u00e9phone, etc\u2026).<\/p>\n<h1><strong>D\u00e9pannage de votre\u00a0<span style=\"color: #3366ff;\">ordinateur<\/span> \u00e0 domicile<\/strong><\/h1>\n<p style=\"text-align: justify;\">Votre ordinateur ou votre connexion internet est en panne et vous n\u2019arrivez pas \u00e0 vous en sortir seul ? Il peut s\u2019agir d\u2019une panne logicielle ou d\u2019une panne mat\u00e9rielle due au mauvais fonctionnement de l\u2019un des composants informatique de votre ordinateur ou de votre ligne t\u00e9l\u00e9phonique lors de probl\u00e8mes internet.<\/p>\n<p style=\"text-align: justify;\">Besoin d\u2019un\u00a0<strong>d\u00e9pannage informatique<\/strong> ?<\/p>\n<p style=\"text-align: justify;\">Vous souhaitez un d\u00e9pannage informatique \u00e0 votre domicile plut\u00f4t que de vous d\u00e9placer avec votre ordinateur PC dans un magasin et le r\u00e9cup\u00e9rer dans plusieurs jours \u2026<\/p>\n<p style=\"text-align: justify;\">Je vous propose de b\u00e9n\u00e9ficier de mon assistance informatique : vous serez rapidement pris en charge, je viendrai chez vous proc\u00e9der \u00e0 la r\u00e9paration de votre ordinateur.<\/p>\n<p style=\"text-align: justify;\"><strong>Contactez moi au <span style=\"color: #3366ff;\">06 37 12 81 41<\/span>\u00a0pour un <span style=\"color: #3366ff;\">devis gratuit<\/span>. J&rsquo;interviens de <span style=\"color: #3366ff;\">8 heures 30 \u00e0 20 heures 30 du lundi au vendredi et le samedi de 9 heures \u00e0 19 heures 30<\/span>.<\/strong><\/p>\n<p style=\"text-align: justify;\">Bien souvent, les pannes constat\u00e9es sont mineures et peuvent \u00eatre facilement r\u00e9tablies \u00e0 domicile lors d\u2019un d\u00e9pannage informatique, et ce dans un d\u00e9lai tr\u00e8s court.<\/p>\n<p style=\"text-align: justify;\">J&rsquo;interviens pour la r\u00e9paration de diff\u00e9rents probl\u00e8mes comme :<\/p>\n<ul style=\"text-align: justify;\">\n<li><span style=\"color: #ff0000;\"><strong>Votre ordinateur ne d\u00e9marre plus du tout,<\/strong><\/span><\/li>\n<li><span style=\"color: #ff0000;\"><strong>Vous avez un \u00e9cran bleu au d\u00e9marrage,<\/strong><\/span><\/li>\n<li><span style=\"color: #ff0000;\"><strong>Votre ordinateur est tr\u00e8s lent,<\/strong><\/span><\/li>\n<li><span style=\"color: #ff0000;\"><strong>Publicit\u00e9s intempestives, spams, etc\u2026<\/strong><\/span><\/li>\n<\/ul>\n<p style=\"text-align: justify;\">Appelez moi pour un d\u00e9pannage informatique avant qu\u2019il ne soit trop tard !<\/p>\n<p style=\"text-align: justify;\">Pensez \u00e9galement \u00e0 sauvegarder vos donn\u00e9es si vous en avez la possibilit\u00e9, sinon je m\u2019en chargerai d\u00e8s mon arriv\u00e9e \u00e0 votre domicile.<\/p>\n<h1><strong>D\u00e9pannage<\/strong><strong>\u00a0<span style=\"color: #3366ff;\">internet <\/span><\/strong><strong>\u00e0 domicile<\/strong><\/h1>\n<p style=\"text-align: justify;\">Votre connexion est en panne ? Un simple appel et \u00a0j&rsquo;interviens \u00e0 domicile pour r\u00e9tablir les dysfonctionnements de votre connexion internet ou des services qui en font parti : t\u00e9l\u00e9phone, TV, Wifi.<\/p>\n<p style=\"text-align: justify;\">Encore une fois j&rsquo;interviens \u00e0 domicile dans les plus brefs d\u00e9lais pour remettre votre ordinateur ou tout autre mat\u00e9riel informatique en parfait \u00e9tat de fonctionnement tout en vous expliquant pas \u00e0 pas les diff\u00e9rents probl\u00e8mes rencontr\u00e9s.<\/p>\n<p style=\"text-align: justify;\">Vous avez besoin d\u2019un\u00a0<strong>d\u00e9pannage internet<\/strong> \u00e0 domicile en urgence suite \u00e0 une panne de connexion ?<\/p>\n<p style=\"text-align: justify;\"><strong>Dans cette situation, vous avez le choix entre 2 solutions<\/strong> :<\/p>\n<p style=\"text-align: justify;\"><strong>1)<\/strong> Vous appelez la <span style=\"color: #ff0000;\"><strong>hotline surtax\u00e9e<\/strong><\/span> de votre fournisseur d\u2019acc\u00e8s et vous attendez minimum <span style=\"color: #ff0000;\"><strong>15 minutes<\/strong><\/span> sans obtenir une aide correcte pour r\u00e9soudre votre probl\u00e8me de connexion \u00e0 internet.<\/p>\n<p style=\"text-align: justify;\"><strong>2)<\/strong> Vous faites appel \u00e0 ma soci\u00e9t\u00e9 en d\u00e9pannage internet \u00e0 domicile et je viens vous aider \u00e0 r\u00e9parer la panne tr\u00e8s rapidement, le tout \u00e0 un tarif tr\u00e8s comp\u00e9titif.<\/p>\n<p style=\"text-align: justify;\">Alors, que choisissez vous ?<\/p>\n<p style=\"text-align: justify;\">Faites moi confiance et laissez moi prendre soin de votre connexion internet.<\/p>\n<p style=\"text-align: justify;\"><strong>B\u00e9n\u00e9ficiez des\u00a0<a href=\"https:\/\/bulin.fr\/index.php\/tarifs\/\">tarifs de d\u00e9pannage<\/a> pour un r\u00e9sultat impeccable.<\/strong><\/p>\n<pre><strong>Soci\u00e9t\u00e9 de d\u00e9pannage, assistance et de la maintenance informatique<\/strong> <strong>\u00e0 domicile \n\u00e0 votre service en Meuse(55). Situ\u00e9 \u00e0 Bar le duc. T\u00e9l: 06 37 12 81 41<\/strong><\/pre>\n","protected":false},"excerpt":{"rendered":"<p>Je vous propose mes prestations de d\u00e9pannage dans 2 domaines diff\u00e9rents, le d\u00e9pannage de votre mat\u00e9riel informatique (ordinateur, imprimantes, autres p\u00e9riph\u00e9riques\u2026) ou bien le d\u00e9pannage de votre connexion internet et les services associ\u00e9s (TV,&#46;&#46;&#46;<\/p>\n","protected":false},"author":1,"featured_media":0,"parent":0,"menu_order":0,"comment_status":"closed","ping_status":"closed","template":"","meta":{"footnotes":""},"class_list":["post-104","page","type-page","status-publish","hentry"],"yoast_head":"<!-- This site is optimized with the Yoast SEO plugin v27.5 - https:\/\/yoast.com\/product\/yoast-seo-wordpress\/ -->\n<title>D\u00e9pannage - D\u00e9pannage Informatique en Meuse<\/title>\n<meta name=\"description\" content=\"Je vous propose mes prestations de d\u00e9pannage de votre mat\u00e9riel informatique (ordinateur, imprimantes, autres p\u00e9riph\u00e9riques\u2026) Bar le duc.\" \/>\n<meta name=\"robots\" content=\"index, follow, max-snippet:-1, max-image-preview:large, max-video-preview:-1\" \/>\n<link rel=\"canonical\" href=\"https:\/\/bulin.fr\/index.php\/depannage-informatique\/\" \/>\n<meta property=\"og:locale\" content=\"fr_FR\" \/>\n<meta property=\"og:type\" content=\"article\" \/>\n<meta property=\"og:title\" content=\"D\u00e9pannage - D\u00e9pannage Informatique en Meuse\" \/>\n<meta property=\"og:description\" content=\"Je vous propose mes prestations de d\u00e9pannage de votre mat\u00e9riel informatique (ordinateur, imprimantes, autres p\u00e9riph\u00e9riques\u2026) Bar le duc.\" \/>\n<meta property=\"og:url\" content=\"https:\/\/bulin.fr\/index.php\/depannage-informatique\/\" \/>\n<meta property=\"og:site_name\" content=\"D\u00e9pannage Informatique en Meuse\" \/>\n<meta property=\"article:modified_time\" content=\"2019-04-23T22:06:16+00:00\" \/>\n<meta name=\"twitter:card\" content=\"summary_large_image\" \/>\n<meta name=\"twitter:label1\" content=\"Dur\u00e9e de lecture estim\u00e9e\" \/>\n\t<meta name=\"twitter:data1\" content=\"3 minutes\" \/>\n<script type=\"application\/ld+json\" class=\"yoast-schema-graph\">{\"@context\":\"https:\\\/\\\/schema.org\",\"@graph\":[{\"@type\":\"WebPage\",\"@id\":\"https:\\\/\\\/bulin.fr\\\/index.php\\\/depannage-informatique\\\/\",\"url\":\"https:\\\/\\\/bulin.fr\\\/index.php\\\/depannage-informatique\\\/\",\"name\":\"D\u00e9pannage - D\u00e9pannage Informatique en Meuse\",\"isPartOf\":{\"@id\":\"https:\\\/\\\/bulin.fr\\\/#website\"},\"datePublished\":\"2017-06-25T21:20:48+00:00\",\"dateModified\":\"2019-04-23T22:06:16+00:00\",\"description\":\"Je vous propose mes prestations de d\u00e9pannage de votre mat\u00e9riel informatique (ordinateur, imprimantes, autres p\u00e9riph\u00e9riques\u2026) Bar le duc.\",\"breadcrumb\":{\"@id\":\"https:\\\/\\\/bulin.fr\\\/index.php\\\/depannage-informatique\\\/#breadcrumb\"},\"inLanguage\":\"fr-FR\",\"potentialAction\":[{\"@type\":\"ReadAction\",\"target\":[\"https:\\\/\\\/bulin.fr\\\/index.php\\\/depannage-informatique\\\/\"]}]},{\"@type\":\"BreadcrumbList\",\"@id\":\"https:\\\/\\\/bulin.fr\\\/index.php\\\/depannage-informatique\\\/#breadcrumb\",\"itemListElement\":[{\"@type\":\"ListItem\",\"position\":1,\"name\":\"Accueil\",\"item\":\"https:\\\/\\\/bulin.fr\\\/\"},{\"@type\":\"ListItem\",\"position\":2,\"name\":\"D\u00e9pannage\"}]},{\"@type\":\"WebSite\",\"@id\":\"https:\\\/\\\/bulin.fr\\\/#website\",\"url\":\"https:\\\/\\\/bulin.fr\\\/\",\"name\":\"D\u00e9pannage Informatique en Meuse\",\"description\":\"Bulin assistance informatique - T\u00e9l: 06 37 12 81 41\",\"potentialAction\":[{\"@type\":\"SearchAction\",\"target\":{\"@type\":\"EntryPoint\",\"urlTemplate\":\"https:\\\/\\\/bulin.fr\\\/?s={search_term_string}\"},\"query-input\":{\"@type\":\"PropertyValueSpecification\",\"valueRequired\":true,\"valueName\":\"search_term_string\"}}],\"inLanguage\":\"fr-FR\"}]}<\/script>\n<!-- \/ Yoast SEO plugin. -->","yoast_head_json":{"title":"D\u00e9pannage - D\u00e9pannage Informatique en Meuse","description":"Je vous propose mes prestations de d\u00e9pannage de votre mat\u00e9riel informatique (ordinateur, imprimantes, autres p\u00e9riph\u00e9riques\u2026) Bar le duc.","robots":{"index":"index","follow":"follow","max-snippet":"max-snippet:-1","max-image-preview":"max-image-preview:large","max-video-preview":"max-video-preview:-1"},"canonical":"https:\/\/bulin.fr\/index.php\/depannage-informatique\/","og_locale":"fr_FR","og_type":"article","og_title":"D\u00e9pannage - D\u00e9pannage Informatique en Meuse","og_description":"Je vous propose mes prestations de d\u00e9pannage de votre mat\u00e9riel informatique (ordinateur, imprimantes, autres p\u00e9riph\u00e9riques\u2026) Bar le duc.","og_url":"https:\/\/bulin.fr\/index.php\/depannage-informatique\/","og_site_name":"D\u00e9pannage Informatique en Meuse","article_modified_time":"2019-04-23T22:06:16+00:00","twitter_card":"summary_large_image","twitter_misc":{"Dur\u00e9e de lecture estim\u00e9e":"3 minutes"},"schema":{"@context":"https:\/\/schema.org","@graph":[{"@type":"WebPage","@id":"https:\/\/bulin.fr\/index.php\/depannage-informatique\/","url":"https:\/\/bulin.fr\/index.php\/depannage-informatique\/","name":"D\u00e9pannage - D\u00e9pannage Informatique en Meuse","isPartOf":{"@id":"https:\/\/bulin.fr\/#website"},"datePublished":"2017-06-25T21:20:48+00:00","dateModified":"2019-04-23T22:06:16+00:00","description":"Je vous propose mes prestations de d\u00e9pannage de votre mat\u00e9riel informatique (ordinateur, imprimantes, autres p\u00e9riph\u00e9riques\u2026) Bar le duc.","breadcrumb":{"@id":"https:\/\/bulin.fr\/index.php\/depannage-informatique\/#breadcrumb"},"inLanguage":"fr-FR","potentialAction":[{"@type":"ReadAction","target":["https:\/\/bulin.fr\/index.php\/depannage-informatique\/"]}]},{"@type":"BreadcrumbList","@id":"https:\/\/bulin.fr\/index.php\/depannage-informatique\/#breadcrumb","itemListElement":[{"@type":"ListItem","position":1,"name":"Accueil","item":"https:\/\/bulin.fr\/"},{"@type":"ListItem","position":2,"name":"D\u00e9pannage"}]},{"@type":"WebSite","@id":"https:\/\/bulin.fr\/#website","url":"https:\/\/bulin.fr\/","name":"D\u00e9pannage Informatique en Meuse","description":"Bulin assistance informatique - T\u00e9l: 06 37 12 81 41","potentialAction":[{"@type":"SearchAction","target":{"@type":"EntryPoint","urlTemplate":"https:\/\/bulin.fr\/?s={search_term_string}"},"query-input":{"@type":"PropertyValueSpecification","valueRequired":true,"valueName":"search_term_string"}}],"inLanguage":"fr-FR"}]}},"_links":{"self":[{"href":"https:\/\/bulin.fr\/index.php\/wp-json\/wp\/v2\/pages\/104","targetHints":{"allow":["GET"]}}],"collection":[{"href":"https:\/\/bulin.fr\/index.php\/wp-json\/wp\/v2\/pages"}],"about":[{"href":"https:\/\/bulin.fr\/index.php\/wp-json\/wp\/v2\/types\/page"}],"author":[{"embeddable":true,"href":"https:\/\/bulin.fr\/index.php\/wp-json\/wp\/v2\/users\/1"}],"replies":[{"embeddable":true,"href":"https:\/\/bulin.fr\/index.php\/wp-json\/wp\/v2\/comments?post=104"}],"version-history":[{"count":10,"href":"https:\/\/bulin.fr\/index.php\/wp-json\/wp\/v2\/pages\/104\/revisions"}],"predecessor-version":[{"id":1015,"href":"https:\/\/bulin.fr\/index.php\/wp-json\/wp\/v2\/pages\/104\/revisions\/1015"}],"wp:attachment":[{"href":"https:\/\/bulin.fr\/index.php\/wp-json\/wp\/v2\/media?parent=104"}],"curies":[{"name":"wp","href":"https:\/\/api.w.org\/{rel}","templated":true}]}}